{"id":27539,"date":"2026-02-09T13:09:43","date_gmt":"2026-02-09T13:09:43","guid":{"rendered":"https:\/\/www.babydetect.be\/parents\/"},"modified":"2026-02-10T12:05:29","modified_gmt":"2026-02-10T12:05:29","slug":"eltern","status":"publish","type":"page","link":"https:\/\/www.babydetect.be\/de\/eltern\/","title":{"rendered":"Eltern"},"content":{"rendered":"\t\t<div data-elementor-type=\"wp-page\" data-elementor-id=\"27539\" class=\"elementor elementor-27539 elementor-27444\">\n\t\t\t\t\t\t<section class=\"elementor-section elementor-top-section elementor-element elementor-element-cf50fba elementor-section-boxed elementor-section-height-default elementor-section-height-default\" data-id=\"cf50fba\" data-element_type=\"section\">\n\t\t\t\t\t\t<div class=\"elementor-container elementor-column-gap-default\">\n\t\t\t\t\t<div class=\"elementor-column elementor-col-66 elementor-top-column elementor-element elementor-element-8bc5f2b\" data-id=\"8bc5f2b\" data-element_type=\"column\">\n\t\t\t<div class=\"elementor-widget-wrap elementor-element-populated\">\n\t\t\t\t\t\t<div class=\"elementor-element elementor-element-4d14b09 elementor-widget elementor-widget-rs-heading\" data-id=\"4d14b09\" data-element_type=\"widget\" data-widget_type=\"rs-heading.default\">\n\t\t\t\t<div class=\"elementor-widget-container\">\n\t\t\t        <div class=\"rs-heading default  \">\r\n        \t<div class=\"title-inner\">        \t\t      \t\t\r\n\t            <h5 class=\"title\"><span class=\"watermark\"><\/span>Seltene und behandelbare Krankheiten bei der Geburt Ihres Kindes zu erkennen, ist m\u00f6glich und wichtig!<\/h5>\t\t\t\t\t        <\/div>\r\n\t                <\/div>\r\n\r\n        \t\t<\/div>\n\t\t\t\t<\/div>\n\t\t\t\t\t<\/div>\n\t\t<\/div>\n\t\t\t\t<div class=\"elementor-column elementor-col-33 elementor-top-column elementor-element elementor-element-ece960e\" data-id=\"ece960e\" data-element_type=\"column\">\n\t\t\t<div class=\"elementor-widget-wrap elementor-element-populated\">\n\t\t\t\t\t\t<div class=\"elementor-element elementor-element-507925a elementor-widget elementor-widget-image\" data-id=\"507925a\" data-element_type=\"widget\" data-widget_type=\"image.default\">\n\t\t\t\t<div class=\"elementor-widget-container\">\n\t\t\t<style>\/*! elementor - v3.21.0 - 26-05-2024 *\/\n.elementor-widget-image{text-align:center}.elementor-widget-image a{display:inline-block}.elementor-widget-image a img[src$=\".svg\"]{width:48px}.elementor-widget-image img{vertical-align:middle;display:inline-block}<\/style>\t\t\t\t\t\t\t\t\t\t<img fetchpriority=\"high\" decoding=\"async\" width=\"442\" height=\"145\" src=\"https:\/\/www.babydetect.be\/wp-content\/uploads\/2026\/02\/la_boite_rose.png\" class=\"attachment-medium_large size-medium_large wp-image-27445\" alt=\"\" srcset=\"https:\/\/www.babydetect.be\/wp-content\/uploads\/2026\/02\/la_boite_rose.png 442w, https:\/\/www.babydetect.be\/wp-content\/uploads\/2026\/02\/la_boite_rose-300x98.png 300w\" sizes=\"(max-width: 442px) 100vw, 442px\" \/>\t\t\t\t\t\t\t\t\t\t\t\t\t<\/div>\n\t\t\t\t<\/div>\n\t\t\t\t\t<\/div>\n\t\t<\/div>\n\t\t\t\t\t<\/div>\n\t\t<\/section>\n\t\t\t\t<section class=\"elementor-section elementor-top-section elementor-element elementor-element-4377130 elementor-section-boxed elementor-section-height-default elementor-section-height-default\" data-id=\"4377130\" data-element_type=\"section\">\n\t\t\t\t\t\t<div class=\"elementor-container elementor-column-gap-default\">\n\t\t\t\t\t<div class=\"elementor-column elementor-col-100 elementor-top-column elementor-element elementor-element-eb8372d\" data-id=\"eb8372d\" data-element_type=\"column\">\n\t\t\t<div class=\"elementor-widget-wrap elementor-element-populated\">\n\t\t\t\t\t\t<section class=\"elementor-section elementor-inner-section elementor-element elementor-element-9abe980 elementor-section-boxed elementor-section-height-default elementor-section-height-default\" data-id=\"9abe980\" data-element_type=\"section\">\n\t\t\t\t\t\t<div class=\"elementor-container elementor-column-gap-default\">\n\t\t\t\t\t<div class=\"elementor-column elementor-col-50 elementor-inner-column elementor-element elementor-element-73ce479\" data-id=\"73ce479\" data-element_type=\"column\">\n\t\t\t<div class=\"elementor-widget-wrap elementor-element-populated\">\n\t\t\t\t\t\t<div class=\"elementor-element elementor-element-1359e7f elementor-widget elementor-widget-text-editor\" data-id=\"1359e7f\" data-element_type=\"widget\" data-widget_type=\"text-editor.default\">\n\t\t\t\t<div class=\"elementor-widget-container\">\n\t\t\t<style>\/*! elementor - v3.21.0 - 26-05-2024 *\/\n.elementor-widget-text-editor.elementor-drop-cap-view-stacked .elementor-drop-cap{background-color:#69727d;color:#fff}.elementor-widget-text-editor.elementor-drop-cap-view-framed .elementor-drop-cap{color:#69727d;border:3px solid;background-color:transparent}.elementor-widget-text-editor:not(.elementor-drop-cap-view-default) .elementor-drop-cap{margin-top:8px}.elementor-widget-text-editor:not(.elementor-drop-cap-view-default) .elementor-drop-cap-letter{width:1em;height:1em}.elementor-widget-text-editor .elementor-drop-cap{float:left;text-align:center;line-height:1;font-size:50px}.elementor-widget-text-editor .elementor-drop-cap-letter{display:inline-block}<\/style>\t\t\t\t<img decoding=\"async\" class=\"alignnone wp-image-21678\" src=\"https:\/\/babydetect.be\/wp-content\/uploads\/2022\/08\/Image20220805160715-150x150.png\" alt=\"\" width=\"60\" height=\"60\" srcset=\"https:\/\/www.babydetect.be\/wp-content\/uploads\/2022\/08\/Image20220805160715-150x150.png 150w, https:\/\/www.babydetect.be\/wp-content\/uploads\/2022\/08\/Image20220805160715-300x300.png 300w, https:\/\/www.babydetect.be\/wp-content\/uploads\/2022\/08\/Image20220805160715.png 473w\" sizes=\"(max-width: 60px) 100vw, 60px\" \/>Was?\t\t\t\t\t\t<\/div>\n\t\t\t\t<\/div>\n\t\t\t\t<div class=\"elementor-element elementor-element-e3102f2 elementor-widget elementor-widget-text-editor\" data-id=\"e3102f2\" data-element_type=\"widget\" data-widget_type=\"text-editor.default\">\n\t\t\t\t<div class=\"elementor-widget-container\">\n\t\t\t\t\t\t\t<p>Ein Test, der das Neugeborenen-Screening auf mehr als <strong>165 seltene, schwere <\/strong>u nd <strong> behandelbare Kinderkrankheiten erweitert<\/strong>.<\/p>\t\t\t\t\t\t<\/div>\n\t\t\t\t<\/div>\n\t\t\t\t\t<\/div>\n\t\t<\/div>\n\t\t\t\t<div class=\"elementor-column elementor-col-50 elementor-inner-column elementor-element elementor-element-767df49\" data-id=\"767df49\" data-element_type=\"column\">\n\t\t\t<div class=\"elementor-widget-wrap elementor-element-populated\">\n\t\t\t\t\t\t<div class=\"elementor-element elementor-element-bb08a1e elementor-widget elementor-widget-text-editor\" data-id=\"bb08a1e\" data-element_type=\"widget\" data-widget_type=\"text-editor.default\">\n\t\t\t\t<div class=\"elementor-widget-container\">\n\t\t\t\t\t\t\t<img decoding=\"async\" class=\"alignnone wp-image-21678\" src=\"https:\/\/www.babydetect.be\/wp-content\/uploads\/2022\/08\/Image20220805160657-150x150.png\" alt=\"\" width=\"60\" height=\"60\" \/>Warum?\u200b\t\t\t\t\t\t<\/div>\n\t\t\t\t<\/div>\n\t\t\t\t<div class=\"elementor-element elementor-element-9562fd7 elementor-widget elementor-widget-text-editor\" data-id=\"9562fd7\" data-element_type=\"widget\" data-widget_type=\"text-editor.default\">\n\t\t\t\t<div class=\"elementor-widget-container\">\n\t\t\t\t\t\t\t<p>Mit diesem Test k\u00f6nnen \u00fcber 165 genetische Erkrankungen identifiziert werden. Dadurch <strong>k\u00f6nnen \u00c4rzte diese Krankheiten fr\u00fchzeitig behandeln<\/strong>, oft bevor die ersten Symptome auftreten.<\/p>\t\t\t\t\t\t<\/div>\n\t\t\t\t<\/div>\n\t\t\t\t\t<\/div>\n\t\t<\/div>\n\t\t\t\t\t<\/div>\n\t\t<\/section>\n\t\t\t\t<section class=\"elementor-section elementor-inner-section elementor-element elementor-element-caa6400 elementor-section-boxed elementor-section-height-default elementor-section-height-default\" data-id=\"caa6400\" data-element_type=\"section\">\n\t\t\t\t\t\t<div class=\"elementor-container elementor-column-gap-default\">\n\t\t\t\t\t<div class=\"elementor-column elementor-col-50 elementor-inner-column elementor-element elementor-element-ea274c6\" data-id=\"ea274c6\" data-element_type=\"column\">\n\t\t\t<div class=\"elementor-widget-wrap elementor-element-populated\">\n\t\t\t\t\t\t<div class=\"elementor-element elementor-element-c4c6c12 elementor-widget elementor-widget-text-editor\" data-id=\"c4c6c12\" data-element_type=\"widget\" data-widget_type=\"text-editor.default\">\n\t\t\t\t<div class=\"elementor-widget-container\">\n\t\t\t\t\t\t\t<img loading=\"lazy\" decoding=\"async\" class=\"alignnone wp-image-21678\" src=\"https:\/\/www.babydetect.be\/wp-content\/uploads\/2022\/08\/Image20220805160711-150x150.png\" alt=\"\" width=\"60\" height=\"60\" \/>Who?\t\t\t\t\t\t<\/div>\n\t\t\t\t<\/div>\n\t\t\t\t<div class=\"elementor-element elementor-element-e468cfd elementor-widget elementor-widget-text-editor\" data-id=\"e468cfd\" data-element_type=\"widget\" data-widget_type=\"text-editor.default\">\n\t\t\t\t<div class=\"elementor-widget-container\">\n\t\t\t\t\t\t\t<p><strong>F\u00fcr jedes Neugeborene<\/strong> nach Einverst\u00e4ndnis der Eltern.<\/p>\t\t\t\t\t\t<\/div>\n\t\t\t\t<\/div>\n\t\t\t\t\t<\/div>\n\t\t<\/div>\n\t\t\t\t<div class=\"elementor-column elementor-col-50 elementor-inner-column elementor-element elementor-element-192671f\" data-id=\"192671f\" data-element_type=\"column\">\n\t\t\t<div class=\"elementor-widget-wrap elementor-element-populated\">\n\t\t\t\t\t\t<div class=\"elementor-element elementor-element-80c34bd elementor-widget elementor-widget-text-editor\" data-id=\"80c34bd\" data-element_type=\"widget\" data-widget_type=\"text-editor.default\">\n\t\t\t\t<div class=\"elementor-widget-container\">\n\t\t\t\t\t\t\t<img loading=\"lazy\" decoding=\"async\" class=\"alignnone wp-image-21678\" src=\"https:\/\/www.babydetect.be\/wp-content\/uploads\/2022\/08\/Image20220805160707-150x150.png\" alt=\"\" width=\"60\" height=\"60\" \/>Wo?\t\t\t\t\t\t<\/div>\n\t\t\t\t<\/div>\n\t\t\t\t<div class=\"elementor-element elementor-element-2235ac7 elementor-widget elementor-widget-text-editor\" data-id=\"2235ac7\" data-element_type=\"widget\" data-widget_type=\"text-editor.default\">\n\t\t\t\t<div class=\"elementor-widget-container\">\n\t\t\t\t\t\t\t<p><strong>Im Krei\u00dfsaal<\/strong>, 2 Tage nach der Geburt.<\/p>\t\t\t\t\t\t<\/div>\n\t\t\t\t<\/div>\n\t\t\t\t\t<\/div>\n\t\t<\/div>\n\t\t\t\t\t<\/div>\n\t\t<\/section>\n\t\t\t\t<section class=\"elementor-section elementor-inner-section elementor-element elementor-element-ac97e69 elementor-section-boxed elementor-section-height-default elementor-section-height-default\" data-id=\"ac97e69\" data-element_type=\"section\">\n\t\t\t\t\t\t<div class=\"elementor-container elementor-column-gap-default\">\n\t\t\t\t\t<div class=\"elementor-column elementor-col-50 elementor-inner-column elementor-element elementor-element-f1c1c41\" data-id=\"f1c1c41\" data-element_type=\"column\">\n\t\t\t<div class=\"elementor-widget-wrap elementor-element-populated\">\n\t\t\t\t\t\t<div class=\"elementor-element elementor-element-538901a elementor-widget elementor-widget-text-editor\" data-id=\"538901a\" data-element_type=\"widget\" data-widget_type=\"text-editor.default\">\n\t\t\t\t<div class=\"elementor-widget-container\">\n\t\t\t\t\t\t\t<img loading=\"lazy\" decoding=\"async\" class=\"alignnone wp-image-21678\" src=\"https:\/\/www.babydetect.be\/wp-content\/uploads\/2022\/08\/Image20220805160652-150x150.png\" alt=\"\" width=\"60\" height=\"60\" \/>Wie?\t\t\t\t\t\t<\/div>\n\t\t\t\t<\/div>\n\t\t\t\t<div class=\"elementor-element elementor-element-f8280d4 elementor-widget elementor-widget-text-editor\" data-id=\"f8280d4\" data-element_type=\"widget\" data-widget_type=\"text-editor.default\">\n\t\t\t\t<div class=\"elementor-widget-container\">\n\t\t\t\t\t\t\t<p>Bei der Blutentnahme f\u00fcr den Guthrie-Test entnimmt die Hebamme einige zus\u00e4tzliche Tropfen, die an das Labor geschickt werden.<\/p>\t\t\t\t\t\t<\/div>\n\t\t\t\t<\/div>\n\t\t\t\t\t<\/div>\n\t\t<\/div>\n\t\t\t\t<div class=\"elementor-column elementor-col-50 elementor-inner-column elementor-element elementor-element-b71797d\" data-id=\"b71797d\" data-element_type=\"column\">\n\t\t\t<div class=\"elementor-widget-wrap elementor-element-populated\">\n\t\t\t\t\t\t<div class=\"elementor-element elementor-element-0707294 elementor-widget elementor-widget-text-editor\" data-id=\"0707294\" data-element_type=\"widget\" data-widget_type=\"text-editor.default\">\n\t\t\t\t<div class=\"elementor-widget-container\">\n\t\t\t\t\t\t\t<img loading=\"lazy\" decoding=\"async\" class=\"alignnone wp-image-21678\" src=\"https:\/\/www.babydetect.be\/wp-content\/uploads\/2024\/10\/price_icon-150x150.png\" alt=\"\" width=\"60\" height=\"60\" \/>Wie viel?\t\t\t\t\t\t<\/div>\n\t\t\t\t<\/div>\n\t\t\t\t<div class=\"elementor-element elementor-element-6a4c844 elementor-widget elementor-widget-text-editor\" data-id=\"6a4c844\" data-element_type=\"widget\" data-widget_type=\"text-editor.default\">\n\t\t\t\t<div class=\"elementor-widget-container\">\n\t\t\t\t\t\t\t<p>Der Test ist von den Eltern zu bezahlen und kostet 650 EUR. Er wird direkt vom CHU L\u00fcttich, das den Test durchf\u00fchrt, in Rechnung gestellt.<\/p>\t\t\t\t\t\t<\/div>\n\t\t\t\t<\/div>\n\t\t\t\t\t<\/div>\n\t\t<\/div>\n\t\t\t\t\t<\/div>\n\t\t<\/section>\n\t\t\t\t\t<\/div>\n\t\t<\/div>\n\t\t\t\t\t<\/div>\n\t\t<\/section>\n\t\t\t\t<section class=\"elementor-section elementor-top-section elementor-element elementor-element-b1bb084 elementor-section-boxed elementor-section-height-default elementor-section-height-default\" data-id=\"b1bb084\" data-element_type=\"section\">\n\t\t\t\t\t\t<div class=\"elementor-container elementor-column-gap-default\">\n\t\t\t\t\t<div class=\"elementor-column elementor-col-33 elementor-top-column elementor-element elementor-element-06df15e\" data-id=\"06df15e\" data-element_type=\"column\">\n\t\t\t<div class=\"elementor-widget-wrap elementor-element-populated\">\n\t\t\t\t\t\t<div class=\"elementor-element elementor-element-4c7c7bb elementor-widget elementor-widget-rs-button\" data-id=\"4c7c7bb\" data-element_type=\"widget\" data-widget_type=\"rs-button.default\">\n\t\t\t\t<div class=\"elementor-widget-container\">\n\t\t\t\t\r\n\t\t\r\n\t\t\t\t\t<div class=\"rs-btn\">\r\n\t\t\t\t\t\t\t\t<a class=\"readon rs_button\" href=\"https:\/\/www.babydetect.be\/de\/fragen\/\" >\t\t\t\t\r\n\t\t\t\t\t<span class=\"btn_text\">Weitere Informationen<\/span>\r\n\t\t\t\t\t\t\t\t\t\t\t<i class=\"fa fa fa-angle-right\"><\/i>\r\n\t\t\t\t\t\t\t\t\t<\/a>\r\n\t\t\t<\/div> \r\n\t\t   \r\n\t\t\t<\/div>\n\t\t\t\t<\/div>\n\t\t\t\t\t<\/div>\n\t\t<\/div>\n\t\t\t\t<div class=\"elementor-column elementor-col-33 elementor-top-column elementor-element elementor-element-a381d8b\" data-id=\"a381d8b\" data-element_type=\"column\">\n\t\t\t<div class=\"elementor-widget-wrap elementor-element-populated\">\n\t\t\t\t\t\t<div class=\"elementor-element elementor-element-8a786b6 elementor-widget elementor-widget-rs-button\" data-id=\"8a786b6\" data-element_type=\"widget\" data-widget_type=\"rs-button.default\">\n\t\t\t\t<div class=\"elementor-widget-container\">\n\t\t\t\t\r\n\t\t\r\n\t\t\t\t\t<div class=\"rs-btn\">\r\n\t\t\t\t\t\t\t\t<a class=\"readon rs_button\" href=\"https:\/\/www.babydetect.be\/de\/andere-sprachen\/\" >\t\t\t\t\r\n\t\t\t\t\t<span class=\"btn_text\">F\u00fcr andere Sprachen<\/span>\r\n\t\t\t\t\t\t\t\t\t\t\t<i class=\"fa fa fa-angle-right\"><\/i>\r\n\t\t\t\t\t\t\t\t\t<\/a>\r\n\t\t\t<\/div> \r\n\t\t   \r\n\t\t\t<\/div>\n\t\t\t\t<\/div>\n\t\t\t\t\t<\/div>\n\t\t<\/div>\n\t\t\t\t<div class=\"elementor-column elementor-col-33 elementor-top-column elementor-element elementor-element-52e92ac\" data-id=\"52e92ac\" data-element_type=\"column\">\n\t\t\t<div class=\"elementor-widget-wrap elementor-element-populated\">\n\t\t\t\t\t\t<div class=\"elementor-element elementor-element-033ed07 elementor-widget elementor-widget-rs-button\" data-id=\"033ed07\" data-element_type=\"widget\" data-widget_type=\"rs-button.default\">\n\t\t\t\t<div class=\"elementor-widget-container\">\n\t\t\t\t\r\n\t\t\r\n\t\t\t\t\t<div class=\"rs-btn\">\r\n\t\t\t\t\t\t\t\t<a class=\"readon rs_button\" href=\"https:\/\/www.babydetect.be\/de\/kontakt\/\" >\t\t\t\t\r\n\t\t\t\t\t<span class=\"btn_text\">Kontaktieren Sie uns<\/span>\r\n\t\t\t\t\t\t\t\t\t\t\t<i class=\"fa fa fa-angle-right\"><\/i>\r\n\t\t\t\t\t\t\t\t\t<\/a>\r\n\t\t\t<\/div> \r\n\t\t   \r\n\t\t\t<\/div>\n\t\t\t\t<\/div>\n\t\t\t\t\t<\/div>\n\t\t<\/div>\n\t\t\t\t\t<\/div>\n\t\t<\/section>\n\t\t\t\t<section class=\"elementor-section elementor-top-section elementor-element elementor-element-13c9f10 elementor-section-boxed elementor-section-height-default elementor-section-height-default\" data-id=\"13c9f10\" data-element_type=\"section\">\n\t\t\t\t\t\t<div class=\"elementor-container elementor-column-gap-default\">\n\t\t\t\t\t<div class=\"elementor-column elementor-col-100 elementor-top-column elementor-element elementor-element-a9ddf16\" data-id=\"a9ddf16\" data-element_type=\"column\">\n\t\t\t<div class=\"elementor-widget-wrap elementor-element-populated\">\n\t\t\t\t\t\t<div class=\"elementor-element elementor-element-1274463 elementor-widget elementor-widget-rs-heading\" data-id=\"1274463\" data-element_type=\"widget\" data-widget_type=\"rs-heading.default\">\n\t\t\t\t<div class=\"elementor-widget-container\">\n\t\t\t        <div class=\"rs-heading default  \">\r\n        \t<div class=\"title-inner\">        \t\t      \t\t\r\n\t            <h5 class=\"title\"><span class=\"watermark\"><\/span>Oscars Eltern berichten nach seinem Screening dank Baby Detect<\/h5>\t\t\t\t\t        <\/div>\r\n\t                <\/div>\r\n\r\n        \t\t<\/div>\n\t\t\t\t<\/div>\n\t\t\t\t\t<\/div>\n\t\t<\/div>\n\t\t\t\t\t<\/div>\n\t\t<\/section>\n\t\t\t\t<section class=\"elementor-section elementor-top-section elementor-element elementor-element-99ad401 elementor-section-boxed elementor-section-height-default elementor-section-height-default\" data-id=\"99ad401\" data-element_type=\"section\">\n\t\t\t\t\t\t<div class=\"elementor-container elementor-column-gap-default\">\n\t\t\t\t\t<div class=\"elementor-column elementor-col-100 elementor-top-column elementor-element elementor-element-5cecb4b\" data-id=\"5cecb4b\" data-element_type=\"column\">\n\t\t\t<div class=\"elementor-widget-wrap elementor-element-populated\">\n\t\t\t\t\t\t<div class=\"elementor-element elementor-element-a5aecfe elementor-widget elementor-widget-video\" data-id=\"a5aecfe\" data-element_type=\"widget\" data-settings=\"{&quot;video_type&quot;:&quot;hosted&quot;,&quot;controls&quot;:&quot;yes&quot;}\" data-widget_type=\"video.default\">\n\t\t\t\t<div class=\"elementor-widget-container\">\n\t\t\t<style>\/*! elementor - v3.21.0 - 26-05-2024 *\/\n.elementor-widget-video .elementor-widget-container{overflow:hidden;transform:translateZ(0)}.elementor-widget-video .elementor-wrapper{aspect-ratio:var(--video-aspect-ratio)}.elementor-widget-video .elementor-wrapper iframe,.elementor-widget-video .elementor-wrapper video{height:100%;width:100%;display:flex;border:none;background-color:#000}@supports not (aspect-ratio:1\/1){.elementor-widget-video .elementor-wrapper{position:relative;overflow:hidden;height:0;padding-bottom:calc(100% \/ var(--video-aspect-ratio))}.elementor-widget-video .elementor-wrapper iframe,.elementor-widget-video .elementor-wrapper video{position:absolute;top:0;right:0;bottom:0;left:0}}.elementor-widget-video .elementor-open-inline .elementor-custom-embed-image-overlay{position:absolute;top:0;right:0;bottom:0;left:0;background-size:cover;background-position:50%}.elementor-widget-video .elementor-custom-embed-image-overlay{cursor:pointer;text-align:center}.elementor-widget-video .elementor-custom-embed-image-overlay:hover .elementor-custom-embed-play i{opacity:1}.elementor-widget-video .elementor-custom-embed-image-overlay img{display:block;width:100%;aspect-ratio:var(--video-aspect-ratio);-o-object-fit:cover;object-fit:cover;-o-object-position:center center;object-position:center center}@supports not (aspect-ratio:1\/1){.elementor-widget-video .elementor-custom-embed-image-overlay{position:relative;overflow:hidden;height:0;padding-bottom:calc(100% \/ var(--video-aspect-ratio))}.elementor-widget-video .elementor-custom-embed-image-overlay img{position:absolute;top:0;right:0;bottom:0;left:0}}.elementor-widget-video .e-hosted-video .elementor-video{-o-object-fit:cover;object-fit:cover}.e-con-inner>.elementor-widget-video,.e-con>.elementor-widget-video{width:var(--container-widget-width);--flex-grow:var(--container-widget-flex-grow)}<\/style>\t\t<div class=\"e-hosted-video elementor-wrapper elementor-open-inline\">\n\t\t\t\t\t<video class=\"elementor-video\" src=\"https:\/\/www.babydetect.be\/wp-content\/uploads\/2025\/04\/Montage-temoignage-parents-maladie-de-Wilson.mp4\" controls=\"\" preload=\"metadata\" controlsList=\"nodownload\"><\/video>\n\t\t\t\t<\/div>\n\t\t\t\t<\/div>\n\t\t\t\t<\/div>\n\t\t\t\t\t<\/div>\n\t\t<\/div>\n\t\t\t\t\t<\/div>\n\t\t<\/section>\n\t\t\t\t<section class=\"elementor-section elementor-top-section elementor-element elementor-element-6392d6c elementor-section-boxed elementor-section-height-default elementor-section-height-default\" data-id=\"6392d6c\" data-element_type=\"section\">\n\t\t\t\t\t\t<div class=\"elementor-container elementor-column-gap-default\">\n\t\t\t\t\t<div class=\"elementor-column elementor-col-100 elementor-top-column elementor-element elementor-element-8931ea7\" data-id=\"8931ea7\" data-element_type=\"column\">\n\t\t\t<div class=\"elementor-widget-wrap elementor-element-populated\">\n\t\t\t\t\t\t<div class=\"elementor-element elementor-element-0b04641 elementor-widget elementor-widget-rs-button\" data-id=\"0b04641\" data-element_type=\"widget\" data-widget_type=\"rs-button.default\">\n\t\t\t\t<div class=\"elementor-widget-container\">\n\t\t\t\t\r\n\t\t\r\n\t\t\t\t\t<div class=\"rs-btn\">\r\n\t\t\t\t\t\t\t\t<a class=\"readon rs_button\" href=\"https:\/\/www.babydetect.be\/de\/erfahrungsberichte\/\" >\t\t\t\t\r\n\t\t\t\t\t<span class=\"btn_text\">Weitere Erfahrungsberichte finden<\/span>\r\n\t\t\t\t\t\t\t\t\t\t\t<i class=\"fa fa fa-angle-right\"><\/i>\r\n\t\t\t\t\t\t\t\t\t<\/a>\r\n\t\t\t<\/div> \r\n\t\t   \r\n\t\t\t<\/div>\n\t\t\t\t<\/div>\n\t\t\t\t<div class=\"elementor-element elementor-element-11cd15e elementor-widget elementor-widget-rs-button\" data-id=\"11cd15e\" data-element_type=\"widget\" data-widget_type=\"rs-button.default\">\n\t\t\t\t<div class=\"elementor-widget-container\">\n\t\t\t\t\r\n\t\t\r\n\t\t\t\t\t<div class=\"rs-btn\">\r\n\t\t\t\t\t\t\t\t<a class=\"readon rs_button\" href=\"https:\/\/www.babydetect.be\/de\/medienberichterstattung\/\" >\t\t\t\t\r\n\t\t\t\t\t<span class=\"btn_text\">Weitere Artikel finden<\/span>\r\n\t\t\t\t\t\t\t\t\t\t\t<i class=\"fa fa fa-angle-right\"><\/i>\r\n\t\t\t\t\t\t\t\t\t<\/a>\r\n\t\t\t<\/div> \r\n\t\t   \r\n\t\t\t<\/div>\n\t\t\t\t<\/div>\n\t\t\t\t<div class=\"elementor-element elementor-element-5b2fcc6 elementor-widget elementor-widget-rs-button\" data-id=\"5b2fcc6\" data-element_type=\"widget\" data-widget_type=\"rs-button.default\">\n\t\t\t\t<div class=\"elementor-widget-container\">\n\t\t\t\t\r\n\t\t\r\n\t\t\t\t\t<div class=\"rs-btn\">\r\n\t\t\t\t\t\t\t\t<a class=\"readon rs_button\" href=\"https:\/\/www.babydetect.be\/de\/krankenhausliste\/\" >\t\t\t\t\r\n\t\t\t\t\t<span class=\"btn_text\">Ist Baby Detect auf der Geburtsstation meines Krankenhauses verf\u00fcgbar?<\/span>\r\n\t\t\t\t\t\t\t\t\t\t\t<i class=\"fa fa fa-angle-right\"><\/i>\r\n\t\t\t\t\t\t\t\t\t<\/a>\r\n\t\t\t<\/div> \r\n\t\t   \r\n\t\t\t<\/div>\n\t\t\t\t<\/div>\n\t\t\t\t<div class=\"elementor-element elementor-element-207d06a elementor-widget elementor-widget-rs-button\" data-id=\"207d06a\" data-element_type=\"widget\" data-widget_type=\"rs-button.default\">\n\t\t\t\t<div class=\"elementor-widget-container\">\n\t\t\t\t\r\n\t\t\r\n\t\t\t\t\t<div class=\"rs-btn\">\r\n\t\t\t\t\t\t\t\t<a class=\"readon rs_button\" href=\"https:\/\/www.babydetect.be\/de\/planen-test\/\" >\t\t\t\t\r\n\t\t\t\t\t<span class=\"btn_text\">Fordern Sie Ihren Test an<\/span>\r\n\t\t\t\t\t\t\t\t\t\t\t<i class=\"fa fa fa-angle-right\"><\/i>\r\n\t\t\t\t\t\t\t\t\t<\/a>\r\n\t\t\t<\/div> \r\n\t\t   \r\n\t\t\t<\/div>\n\t\t\t\t<\/div>\n\t\t\t\t<div class=\"elementor-element elementor-element-49b3164 elementor-widget elementor-widget-rs-button\" data-id=\"49b3164\" data-element_type=\"widget\" data-widget_type=\"rs-button.default\">\n\t\t\t\t<div class=\"elementor-widget-container\">\n\t\t\t\t\r\n\t\t\r\n\t\t\t\t\t<div class=\"rs-btn\">\r\n\t\t\t\t\t\t\t\t<a class=\"readon rs_button\" href=\"https:\/\/www.babydetect.be\/de\/kontakt\/\" >\t\t\t\t\r\n\t\t\t\t\t<span class=\"btn_text\">Kontaktieren Sie uns<\/span>\r\n\t\t\t\t\t\t\t\t\t\t\t<i class=\"fa fa fa-angle-right\"><\/i>\r\n\t\t\t\t\t\t\t\t\t<\/a>\r\n\t\t\t<\/div> \r\n\t\t   \r\n\t\t\t<\/div>\n\t\t\t\t<\/div>\n\t\t\t\t\t<\/div>\n\t\t<\/div>\n\t\t\t\t\t<\/div>\n\t\t<\/section>\n\t\t\t\t<\/div>\n\t\t","protected":false},"excerpt":{"rendered":"<p>Seltene und behandelbare Krankheiten bei der Geburt Ihres Kindes zu erkennen, ist m\u00f6glich und wichtig! Was? Ein Test, der das Neugeborenen-Screening auf mehr als 165 seltene, schwere u nd behandelbare Kinderkrankheiten erweitert. Warum?\u200b Mit diesem Test k\u00f6nnen \u00fcber 165 genetische Erkrankungen identifiziert werden. Dadurch k\u00f6nnen \u00c4rzte diese Krankheiten fr\u00fchzeitig behandeln, oft bevor die ersten Symptome&#8230;<\/p>\n","protected":false},"author":4,"featured_media":0,"parent":0,"menu_order":0,"comment_status":"closed","ping_status":"closed","template":"","meta":{"footnotes":""},"_links":{"self":[{"href":"https:\/\/www.babydetect.be\/de\/wp-json\/wp\/v2\/pages\/27539"}],"collection":[{"href":"https:\/\/www.babydetect.be\/de\/wp-json\/wp\/v2\/pages"}],"about":[{"href":"https:\/\/www.babydetect.be\/de\/wp-json\/wp\/v2\/types\/page"}],"author":[{"embeddable":true,"href":"https:\/\/www.babydetect.be\/de\/wp-json\/wp\/v2\/users\/4"}],"replies":[{"embeddable":true,"href":"https:\/\/www.babydetect.be\/de\/wp-json\/wp\/v2\/comments?post=27539"}],"version-history":[{"count":19,"href":"https:\/\/www.babydetect.be\/de\/wp-json\/wp\/v2\/pages\/27539\/revisions"}],"predecessor-version":[{"id":27786,"href":"https:\/\/www.babydetect.be\/de\/wp-json\/wp\/v2\/pages\/27539\/revisions\/27786"}],"wp:attachment":[{"href":"https:\/\/www.babydetect.be\/de\/wp-json\/wp\/v2\/media?parent=27539"}],"curies":[{"name":"wp","href":"https:\/\/api.w.org\/{rel}","templated":true}]}}