{"id":26273,"date":"2025-01-27T15:31:24","date_gmt":"2025-01-27T15:31:24","guid":{"rendered":"https:\/\/www.babydetect.be\/studienergebnisse\/"},"modified":"2025-11-02T07:05:19","modified_gmt":"2025-11-02T07:05:19","slug":"studienergebnisse","status":"publish","type":"page","link":"https:\/\/www.babydetect.be\/de\/studienergebnisse\/","title":{"rendered":"Studienergebnisse"},"content":{"rendered":"\t\t<div data-elementor-type=\"wp-page\" data-elementor-id=\"26273\" class=\"elementor elementor-26273 elementor-26227\">\n\t\t\t\t\t\t<section class=\"elementor-section elementor-top-section elementor-element elementor-element-a58d3df elementor-section-boxed elementor-section-height-default elementor-section-height-default\" data-id=\"a58d3df\" data-element_type=\"section\">\n\t\t\t\t\t\t<div class=\"elementor-container elementor-column-gap-default\">\n\t\t\t\t\t<div class=\"elementor-column elementor-col-100 elementor-top-column elementor-element elementor-element-5949828\" data-id=\"5949828\" data-element_type=\"column\">\n\t\t\t<div class=\"elementor-widget-wrap elementor-element-populated\">\n\t\t\t\t\t\t<div class=\"elementor-element elementor-element-89e0242 elementor-widget elementor-widget-rs-heading\" data-id=\"89e0242\" data-element_type=\"widget\" data-widget_type=\"rs-heading.default\">\n\t\t\t\t<div class=\"elementor-widget-container\">\n\t\t\t        <div class=\"rs-heading default  \">\r\n        \t<div class=\"title-inner\">        \t\t      \t\t\r\n\t            <h3 class=\"title\"><span class=\"watermark\"><\/span>Die ersten Ergebnisse von Baby Detect wurden in Nature Medicine ver\u00f6ffentlicht.<\/h3>\t\t\t\t\t        <\/div>\r\n\t                <\/div>\r\n\r\n        \t\t<\/div>\n\t\t\t\t<\/div>\n\t\t\t\t\t<\/div>\n\t\t<\/div>\n\t\t\t\t\t<\/div>\n\t\t<\/section>\n\t\t\t\t<section class=\"elementor-section elementor-top-section elementor-element elementor-element-4577397 elementor-section-boxed elementor-section-height-default elementor-section-height-default\" data-id=\"4577397\" data-element_type=\"section\">\n\t\t\t\t\t\t<div class=\"elementor-container elementor-column-gap-default\">\n\t\t\t\t\t<div class=\"elementor-column elementor-col-100 elementor-top-column elementor-element elementor-element-11560da\" data-id=\"11560da\" data-element_type=\"column\">\n\t\t\t<div class=\"elementor-widget-wrap elementor-element-populated\">\n\t\t\t\t\t\t<div class=\"elementor-element elementor-element-f09560a elementor-widget elementor-widget-video\" data-id=\"f09560a\" data-element_type=\"widget\" data-settings=\"{&quot;video_type&quot;:&quot;hosted&quot;,&quot;controls&quot;:&quot;yes&quot;}\" data-widget_type=\"video.default\">\n\t\t\t\t<div class=\"elementor-widget-container\">\n\t\t\t<style>\/*! elementor - v3.21.0 - 26-05-2024 *\/\n.elementor-widget-video .elementor-widget-container{overflow:hidden;transform:translateZ(0)}.elementor-widget-video .elementor-wrapper{aspect-ratio:var(--video-aspect-ratio)}.elementor-widget-video .elementor-wrapper iframe,.elementor-widget-video .elementor-wrapper video{height:100%;width:100%;display:flex;border:none;background-color:#000}@supports not (aspect-ratio:1\/1){.elementor-widget-video .elementor-wrapper{position:relative;overflow:hidden;height:0;padding-bottom:calc(100% \/ var(--video-aspect-ratio))}.elementor-widget-video .elementor-wrapper iframe,.elementor-widget-video .elementor-wrapper video{position:absolute;top:0;right:0;bottom:0;left:0}}.elementor-widget-video .elementor-open-inline .elementor-custom-embed-image-overlay{position:absolute;top:0;right:0;bottom:0;left:0;background-size:cover;background-position:50%}.elementor-widget-video .elementor-custom-embed-image-overlay{cursor:pointer;text-align:center}.elementor-widget-video .elementor-custom-embed-image-overlay:hover .elementor-custom-embed-play i{opacity:1}.elementor-widget-video .elementor-custom-embed-image-overlay img{display:block;width:100%;aspect-ratio:var(--video-aspect-ratio);-o-object-fit:cover;object-fit:cover;-o-object-position:center center;object-position:center center}@supports not (aspect-ratio:1\/1){.elementor-widget-video .elementor-custom-embed-image-overlay{position:relative;overflow:hidden;height:0;padding-bottom:calc(100% \/ var(--video-aspect-ratio))}.elementor-widget-video .elementor-custom-embed-image-overlay img{position:absolute;top:0;right:0;bottom:0;left:0}}.elementor-widget-video .e-hosted-video .elementor-video{-o-object-fit:cover;object-fit:cover}.e-con-inner>.elementor-widget-video,.e-con>.elementor-widget-video{width:var(--container-widget-width);--flex-grow:var(--container-widget-flex-grow)}<\/style>\t\t<div class=\"e-hosted-video elementor-wrapper elementor-open-inline\">\n\t\t\t\t\t<video class=\"elementor-video\" src=\"https:\/\/www.babydetect.be\/wp-content\/uploads\/2025\/01\/video-study1965963425-1-trim.mp4\" controls=\"\" preload=\"metadata\" controlsList=\"nodownload\" poster=\"https:\/\/www.babydetect.be\/wp-content\/uploads\/2025\/01\/Nature-article-Baby-Detect-1-scaled.jpg\"><\/video>\n\t\t\t\t<\/div>\n\t\t\t\t<\/div>\n\t\t\t\t<\/div>\n\t\t\t\t\t<\/div>\n\t\t<\/div>\n\t\t\t\t\t<\/div>\n\t\t<\/section>\n\t\t\t\t<section class=\"elementor-section elementor-top-section elementor-element elementor-element-f714eb1 elementor-section-boxed elementor-section-height-default elementor-section-height-default\" data-id=\"f714eb1\" data-element_type=\"section\">\n\t\t\t\t\t\t<div class=\"elementor-container elementor-column-gap-default\">\n\t\t\t\t\t<div class=\"elementor-column elementor-col-100 elementor-top-column elementor-element elementor-element-ffd028a\" data-id=\"ffd028a\" data-element_type=\"column\">\n\t\t\t<div class=\"elementor-widget-wrap elementor-element-populated\">\n\t\t\t\t\t\t<div class=\"elementor-element elementor-element-6d53832 elementor-widget elementor-widget-rs-heading\" data-id=\"6d53832\" data-element_type=\"widget\" data-widget_type=\"rs-heading.default\">\n\t\t\t\t<div class=\"elementor-widget-container\">\n\t\t\t        <div class=\"rs-heading default  \">\r\n        \t<div class=\"title-inner\">        \t\t      \t\t\r\n\t            \t\t\t\t\t        <\/div>\r\n\t                    \t<div class=\"description\">\r\n            \t\t<p><strong>Der in <em data-start=\"7\" data-end=\"24\">Nature Medicine<\/em> ver\u00f6ffentlichte wissenschaftliche Artikel steht <a href=\"https:\/\/www.babydetect.be\/wp-content\/uploads\/2025\/01\/Full-article-s41591-024-03465-x.pdf\" target=\"_blank\" rel=\"noopener\">hier<\/a> zum Download bereit.<\/strong><\/p>            \t\t\r\n            \t<\/div>\r\n        \t        <\/div>\r\n\r\n        \t\t<\/div>\n\t\t\t\t<\/div>\n\t\t\t\t\t<\/div>\n\t\t<\/div>\n\t\t\t\t\t<\/div>\n\t\t<\/section>\n\t\t\t\t<section class=\"elementor-section elementor-top-section elementor-element elementor-element-0e156ee elementor-section-boxed elementor-section-height-default elementor-section-height-default\" data-id=\"0e156ee\" data-element_type=\"section\">\n\t\t\t\t\t\t<div class=\"elementor-container elementor-column-gap-default\">\n\t\t\t\t\t<div class=\"elementor-column elementor-col-100 elementor-top-column elementor-element elementor-element-83b96f1\" data-id=\"83b96f1\" data-element_type=\"column\">\n\t\t\t<div class=\"elementor-widget-wrap elementor-element-populated\">\n\t\t\t\t\t\t<div class=\"elementor-element elementor-element-f180dd5 elementor-widget elementor-widget-image\" data-id=\"f180dd5\" data-element_type=\"widget\" data-widget_type=\"image.default\">\n\t\t\t\t<div class=\"elementor-widget-container\">\n\t\t\t<style>\/*! elementor - v3.21.0 - 26-05-2024 *\/\n.elementor-widget-image{text-align:center}.elementor-widget-image a{display:inline-block}.elementor-widget-image a img[src$=\".svg\"]{width:48px}.elementor-widget-image img{vertical-align:middle;display:inline-block}<\/style>\t\t\t\t\t\t\t\t\t\t\t<a href=\"https:\/\/www.babydetect.be\/wp-content\/uploads\/2025\/01\/Full-article-s41591-024-03465-x.pdf\" target=\"_blank\">\n\t\t\t\t\t\t\t<img fetchpriority=\"high\" decoding=\"async\" width=\"640\" height=\"545\" src=\"https:\/\/www.babydetect.be\/wp-content\/uploads\/2025\/04\/article_population.jpg\" class=\"attachment-large size-large wp-image-26588\" alt=\"\" srcset=\"https:\/\/www.babydetect.be\/wp-content\/uploads\/2025\/04\/article_population.jpg 988w, https:\/\/www.babydetect.be\/wp-content\/uploads\/2025\/04\/article_population-300x255.jpg 300w, https:\/\/www.babydetect.be\/wp-content\/uploads\/2025\/04\/article_population-768x654.jpg 768w, https:\/\/www.babydetect.be\/wp-content\/uploads\/2025\/04\/article_population-80x68.jpg 80w, https:\/\/www.babydetect.be\/wp-content\/uploads\/2025\/04\/article_population-500x426.jpg 500w\" sizes=\"(max-width: 640px) 100vw, 640px\" \/>\t\t\t\t\t\t\t\t<\/a>\n\t\t\t\t\t\t\t\t\t\t\t\t\t<\/div>\n\t\t\t\t<\/div>\n\t\t\t\t\t<\/div>\n\t\t<\/div>\n\t\t\t\t\t<\/div>\n\t\t<\/section>\n\t\t\t\t<section class=\"elementor-section elementor-top-section elementor-element elementor-element-814e27d elementor-section-boxed elementor-section-height-default elementor-section-height-default\" data-id=\"814e27d\" data-element_type=\"section\">\n\t\t\t\t\t\t<div class=\"elementor-container elementor-column-gap-default\">\n\t\t\t\t\t<div class=\"elementor-column elementor-col-100 elementor-top-column elementor-element elementor-element-d51e8fb\" data-id=\"d51e8fb\" data-element_type=\"column\">\n\t\t\t<div class=\"elementor-widget-wrap elementor-element-populated\">\n\t\t\t\t\t\t<div class=\"elementor-element elementor-element-e77eff9 elementor-widget elementor-widget-rs-heading\" data-id=\"e77eff9\" data-element_type=\"widget\" data-widget_type=\"rs-heading.default\">\n\t\t\t\t<div class=\"elementor-widget-container\">\n\t\t\t        <div class=\"rs-heading default  \">\r\n        \t<div class=\"title-inner\">        \t\t      \t\t\r\n\t            \t\t\t\t\t        <\/div>\r\n\t                    \t<div class=\"description\">\r\n            \t\t<p><strong>Der wissenschaftliche Artikel, der in <em data-start=\"38\" data-end=\"48\">Children<\/em> ver\u00f6ffentlicht wurde, pr\u00e4sentiert die ersten Ergebnisse des Projekts: <a href=\"https:\/\/www.mdpi.com\/2227-9067\/11\/8\/926\" target=\"_blank\" rel=\"noopener\">Acceptabilit\u00e9 et faisabilit\u00e9 de Baby Detect<\/a>.<\/strong><\/p>            \t\t\r\n            \t<\/div>\r\n        \t        <\/div>\r\n\r\n        \t\t<\/div>\n\t\t\t\t<\/div>\n\t\t\t\t\t<\/div>\n\t\t<\/div>\n\t\t\t\t\t<\/div>\n\t\t<\/section>\n\t\t\t\t<section class=\"elementor-section elementor-top-section elementor-element elementor-element-f82c99c elementor-section-boxed elementor-section-height-default elementor-section-height-default\" data-id=\"f82c99c\" data-element_type=\"section\">\n\t\t\t\t\t\t<div class=\"elementor-container elementor-column-gap-default\">\n\t\t\t\t\t<div class=\"elementor-column elementor-col-100 elementor-top-column elementor-element elementor-element-6d26c6e\" data-id=\"6d26c6e\" data-element_type=\"column\">\n\t\t\t<div class=\"elementor-widget-wrap elementor-element-populated\">\n\t\t\t\t\t\t<div class=\"elementor-element elementor-element-cbcc7da elementor-widget elementor-widget-image\" data-id=\"cbcc7da\" data-element_type=\"widget\" data-widget_type=\"image.default\">\n\t\t\t\t<div class=\"elementor-widget-container\">\n\t\t\t\t\t\t\t\t\t\t\t\t\t\t<a href=\"https:\/\/www.mdpi.com\/2227-9067\/11\/8\/926\" target=\"_blank\">\n\t\t\t\t\t\t\t<img decoding=\"async\" width=\"578\" height=\"503\" src=\"https:\/\/www.babydetect.be\/wp-content\/uploads\/2025\/04\/article_feasibility.jpg\" class=\"attachment-large size-large wp-image-26584\" alt=\"\" srcset=\"https:\/\/www.babydetect.be\/wp-content\/uploads\/2025\/04\/article_feasibility.jpg 578w, https:\/\/www.babydetect.be\/wp-content\/uploads\/2025\/04\/article_feasibility-300x261.jpg 300w, https:\/\/www.babydetect.be\/wp-content\/uploads\/2025\/04\/article_feasibility-500x435.jpg 500w\" sizes=\"(max-width: 578px) 100vw, 578px\" \/>\t\t\t\t\t\t\t\t<\/a>\n\t\t\t\t\t\t\t\t\t\t\t\t\t<\/div>\n\t\t\t\t<\/div>\n\t\t\t\t\t<\/div>\n\t\t<\/div>\n\t\t\t\t\t<\/div>\n\t\t<\/section>\n\t\t\t\t<section class=\"elementor-section elementor-top-section elementor-element elementor-element-b81b6a5 elementor-section-boxed elementor-section-height-default elementor-section-height-default\" data-id=\"b81b6a5\" data-element_type=\"section\">\n\t\t\t\t\t\t<div class=\"elementor-container elementor-column-gap-default\">\n\t\t\t\t\t<div class=\"elementor-column elementor-col-100 elementor-top-column elementor-element elementor-element-1cd5369\" data-id=\"1cd5369\" data-element_type=\"column\">\n\t\t\t<div class=\"elementor-widget-wrap elementor-element-populated\">\n\t\t\t\t\t\t<div class=\"elementor-element elementor-element-34ab03f elementor-widget elementor-widget-rs-heading\" data-id=\"34ab03f\" data-element_type=\"widget\" data-widget_type=\"rs-heading.default\">\n\t\t\t\t<div class=\"elementor-widget-container\">\n\t\t\t        <div class=\"rs-heading default  \">\r\n        \t<div class=\"title-inner\">        \t\t      \t\t\r\n\t            <h4 class=\"title\"><span class=\"watermark\"><\/span>Artikel:<\/h4>\t\t\t\t\t        <\/div>\r\n\t                    \t<div class=\"description\">\r\n            \t\t<ul><li>\ud83c\udf10 Percentile - <a href=\"https:\/\/flipflashpages.uniflip.com\/\/3\/61981\/1136647\/pub\/html5.html#page\/15\" target=\"_blank\" rel=\"noopener\">Online lesen<\/a><\/li><li>\ud83d\udcc4 Percentile - <a href=\"https:\/\/www.babydetect.be\/wp-content\/uploads\/2025\/07\/Percentile_BabyDetect.pdf\" target=\"_blank\" rel=\"noopener\">Artikel lesen<\/a><\/li><li>\ud83d\udcc4 Guna\u00efkeia - <a href=\"https:\/\/www.babydetect.be\/wp-content\/uploads\/2025\/11\/Gunaikeia.pdf\" target=\"_blank\" rel=\"noopener\">Artikel lesen<\/a><\/li><li>\ud83c\udf10 NBS journal - <a href=\"https:\/\/www.mdpi.com\/2409-515X\/11\/4\/91\" target=\"_blank\" rel=\"noopener\">Online lesen<\/a><\/li><li>\ud83c\udf10 JAMA - <a href=\"https:\/\/jamanetwork.com\/journals\/jamapediatrics\/article-abstract\/2839700\" target=\"_blank\" rel=\"noopener\">Online lesen<\/a><\/li><li>\ud83d\udcc4 Pressemitteilung von HWL (HWL-Auszeichnung) - <a href=\"https:\/\/www.babydetect.be\/wp-content\/uploads\/2025\/11\/HWL-award.pdf\" target=\"_blank\" rel=\"noopener\">Artikel lesen<\/a><\/li><\/ul>            \t\t\r\n            \t<\/div>\r\n        \t        <\/div>\r\n\r\n        \t\t<\/div>\n\t\t\t\t<\/div>\n\t\t\t\t\t<\/div>\n\t\t<\/div>\n\t\t\t\t\t<\/div>\n\t\t<\/section>\n\t\t\t\t<section class=\"elementor-section elementor-top-section elementor-element elementor-element-b8632b5 elementor-section-boxed elementor-section-height-default elementor-section-height-default\" data-id=\"b8632b5\" data-element_type=\"section\">\n\t\t\t\t\t\t<div class=\"elementor-container elementor-column-gap-default\">\n\t\t\t\t\t<div class=\"elementor-column elementor-col-100 elementor-top-column elementor-element elementor-element-701e970\" data-id=\"701e970\" data-element_type=\"column\">\n\t\t\t<div class=\"elementor-widget-wrap elementor-element-populated\">\n\t\t\t\t\t\t<div class=\"elementor-element elementor-element-d5bb6e3 elementor-widget elementor-widget-rs-heading\" data-id=\"d5bb6e3\" data-element_type=\"widget\" data-widget_type=\"rs-heading.default\">\n\t\t\t\t<div class=\"elementor-widget-container\">\n\t\t\t        <div class=\"rs-heading default  \">\r\n        \t<div class=\"title-inner\">        \t\t      \t\t\r\n\t            <h4 class=\"title\"><span class=\"watermark\"><\/span>Kontaktieren Sie die Autoren:<\/h4>\t\t\t\t\t        <\/div>\r\n\t                    \t<div class=\"description\">\r\n            \t\t<ul><li>Francois Boemer: <a href=\"mailto:F.Boemer@chuliege.be\">F.Boemer@chuliege.be<\/a><\/li><li>Laurent Servais: <a href=\"mailto:laurent.servais@paediatrics.ox.ac.uk\">laurent.servais@paediatrics.ox.ac.uk<\/a><\/li><li>Baby Detect Team: <a href=\"mailto:contact@babydetect.be\">contact@babydetect.be<\/a><\/li><\/ul>            \t\t\r\n            \t<\/div>\r\n        \t        <\/div>\r\n\r\n        \t\t<\/div>\n\t\t\t\t<\/div>\n\t\t\t\t\t<\/div>\n\t\t<\/div>\n\t\t\t\t\t<\/div>\n\t\t<\/section>\n\t\t\t\t<\/div>\n\t\t","protected":false},"excerpt":{"rendered":"<p>Die ersten Ergebnisse von Baby Detect wurden in Nature Medicine ver\u00f6ffentlicht. https:\/\/www.babydetect.be\/wp-content\/uploads\/2025\/01\/video-study1965963425-1-trim.mp4 Der in Nature Medicine ver\u00f6ffentlichte wissenschaftliche Artikel steht hier zum Download bereit. Der wissenschaftliche Artikel, der in Children ver\u00f6ffentlicht wurde, pr\u00e4sentiert die ersten Ergebnisse des Projekts: Acceptabilit\u00e9 et faisabilit\u00e9 de Baby Detect. Artikel: \ud83c\udf10 Percentile &#8211; Online lesen \ud83d\udcc4 Percentile &#8211; Artikel lesen&#8230;<\/p>\n","protected":false},"author":4,"featured_media":0,"parent":0,"menu_order":0,"comment_status":"closed","ping_status":"closed","template":"","meta":{"footnotes":""},"_links":{"self":[{"href":"https:\/\/www.babydetect.be\/de\/wp-json\/wp\/v2\/pages\/26273"}],"collection":[{"href":"https:\/\/www.babydetect.be\/de\/wp-json\/wp\/v2\/pages"}],"about":[{"href":"https:\/\/www.babydetect.be\/de\/wp-json\/wp\/v2\/types\/page"}],"author":[{"embeddable":true,"href":"https:\/\/www.babydetect.be\/de\/wp-json\/wp\/v2\/users\/4"}],"replies":[{"embeddable":true,"href":"https:\/\/www.babydetect.be\/de\/wp-json\/wp\/v2\/comments?post=26273"}],"version-history":[{"count":42,"href":"https:\/\/www.babydetect.be\/de\/wp-json\/wp\/v2\/pages\/26273\/revisions"}],"predecessor-version":[{"id":27064,"href":"https:\/\/www.babydetect.be\/de\/wp-json\/wp\/v2\/pages\/26273\/revisions\/27064"}],"wp:attachment":[{"href":"https:\/\/www.babydetect.be\/de\/wp-json\/wp\/v2\/media?parent=26273"}],"curies":[{"name":"wp","href":"https:\/\/api.w.org\/{rel}","templated":true}]}}