{"id":26013,"date":"2024-06-11T13:34:09","date_gmt":"2024-06-11T13:34:09","guid":{"rendered":"https:\/\/www.babydetect.be\/bestellen-sie-ihren-test\/"},"modified":"2026-02-10T07:48:54","modified_gmt":"2026-02-10T07:48:54","slug":"planen-test","status":"publish","type":"page","link":"https:\/\/www.babydetect.be\/de\/planen-test\/","title":{"rendered":"Bestellen Sie Ihren Test"},"content":{"rendered":"\t\t<div data-elementor-type=\"wp-page\" data-elementor-id=\"26013\" class=\"elementor elementor-26013 elementor-24028\">\n\t\t\t\t\t\t<section class=\"elementor-section elementor-top-section elementor-element elementor-element-f486deb elementor-section-boxed elementor-section-height-default elementor-section-height-default\" data-id=\"f486deb\" data-element_type=\"section\">\n\t\t\t\t\t\t<div class=\"elementor-container elementor-column-gap-default\">\n\t\t\t\t\t<div class=\"elementor-column elementor-col-100 elementor-top-column elementor-element elementor-element-e732fd8\" data-id=\"e732fd8\" data-element_type=\"column\">\n\t\t\t<div class=\"elementor-widget-wrap elementor-element-populated\">\n\t\t\t\t\t\t<div class=\"elementor-element elementor-element-441707e elementor-widget elementor-widget-rs-button\" data-id=\"441707e\" data-element_type=\"widget\" data-widget_type=\"rs-button.default\">\n\t\t\t\t<div class=\"elementor-widget-container\">\n\t\t\t\t\r\n\t\t\r\n\t\t\t\t\t<div class=\"rs-btn\">\r\n\t\t\t\t\t\t\t\t<a class=\"readon rs_button\" href=\"https:\/\/www.babydetect.be\/de\/krankenhausliste\/\" >\t\t\t\t\r\n\t\t\t\t\t<span class=\"btn_text\">Geburtsstationen bereit f\u00fcr Baby Detect<\/span>\r\n\t\t\t\t\t\t\t\t\t\t\t<i class=\"fa fa fa-angle-right\"><\/i>\r\n\t\t\t\t\t\t\t\t\t<\/a>\r\n\t\t\t<\/div> \r\n\t\t   \r\n\t\t\t<\/div>\n\t\t\t\t<\/div>\n\t\t\t\t\t<\/div>\n\t\t<\/div>\n\t\t\t\t\t<\/div>\n\t\t<\/section>\n\t\t\t\t<section class=\"elementor-section elementor-top-section elementor-element elementor-element-72aa305 elementor-section-boxed elementor-section-height-default elementor-section-height-default\" data-id=\"72aa305\" data-element_type=\"section\">\n\t\t\t\t\t\t<div class=\"elementor-container elementor-column-gap-default\">\n\t\t\t\t\t<div class=\"elementor-column elementor-col-100 elementor-top-column elementor-element elementor-element-375c4e6\" data-id=\"375c4e6\" data-element_type=\"column\">\n\t\t\t<div class=\"elementor-widget-wrap elementor-element-populated\">\n\t\t\t\t\t\t<section class=\"elementor-section elementor-inner-section elementor-element elementor-element-421a076 elementor-section-boxed elementor-section-height-default elementor-section-height-default\" data-id=\"421a076\" data-element_type=\"section\">\n\t\t\t\t\t\t<div class=\"elementor-container elementor-column-gap-default\">\n\t\t\t\t\t<div class=\"elementor-column elementor-col-50 elementor-inner-column elementor-element elementor-element-c307348\" data-id=\"c307348\" data-element_type=\"column\">\n\t\t\t<div class=\"elementor-widget-wrap elementor-element-populated\">\n\t\t\t\t\t\t<div class=\"elementor-element elementor-element-09963b4 elementor-widget elementor-widget-rs-button\" data-id=\"09963b4\" data-element_type=\"widget\" data-widget_type=\"rs-button.default\">\n\t\t\t\t<div class=\"elementor-widget-container\">\n\t\t\t\t\r\n\t\t\r\n\t\t\t\t\t<div class=\"rs-btn\">\r\n\t\t\t\t\t\t\t\t<a class=\"readon rs_button\" href=\"https:\/\/www.babydetect.be\/wp-content\/uploads\/2026\/02\/Formulaire-de-consentement-et-prescription-v6-DEUTSCH.pdf\" target=_blank>\t\t\t\t\r\n\t\t\t\t\t<span class=\"btn_text\">Drucken Sie Ihr Einverst\u00e4ndnisformular aus<\/span>\r\n\t\t\t\t\t\t\t\t\t\t\t<i class=\"fa fa fa-angle-right\"><\/i>\r\n\t\t\t\t\t\t\t\t\t<\/a>\r\n\t\t\t<\/div> \r\n\t\t   \r\n\t\t\t<\/div>\n\t\t\t\t<\/div>\n\t\t\t\t\t<\/div>\n\t\t<\/div>\n\t\t\t\t<div class=\"elementor-column elementor-col-50 elementor-inner-column elementor-element elementor-element-add19dc\" data-id=\"add19dc\" data-element_type=\"column\">\n\t\t\t<div class=\"elementor-widget-wrap elementor-element-populated\">\n\t\t\t\t\t\t<div class=\"elementor-element elementor-element-ce8bd66 animated-slow elementor-invisible elementor-widget elementor-widget-rs-button\" data-id=\"ce8bd66\" data-element_type=\"widget\" data-settings=\"{&quot;_animation&quot;:&quot;fadeInUp&quot;}\" data-widget_type=\"rs-button.default\">\n\t\t\t\t<div class=\"elementor-widget-container\">\n\t\t\t\t\r\n\t\t\r\n\t\t\t\t\t<div class=\"rs-btn\">\r\n\t\t\t\t\t\t\t\t<a class=\"readon rs_button\" href=\"https:\/\/www.babydetect.be\/de\/bestell\" >\t\t\t\t\r\n\t\t\t\t\t<span class=\"btn_text\">Bestellen Sie Ihre Blutentnahmekarte<\/span>\r\n\t\t\t\t\t\t\t\t\t\t\t<i class=\"fa fa fa-angle-right\"><\/i>\r\n\t\t\t\t\t\t\t\t\t<\/a>\r\n\t\t\t<\/div> \r\n\t\t   \r\n\t\t\t<\/div>\n\t\t\t\t<\/div>\n\t\t\t\t\t<\/div>\n\t\t<\/div>\n\t\t\t\t\t<\/div>\n\t\t<\/section>\n\t\t\t\t\t<\/div>\n\t\t<\/div>\n\t\t\t\t\t<\/div>\n\t\t<\/section>\n\t\t\t\t<section class=\"elementor-section elementor-top-section elementor-element elementor-element-5accdf6 elementor-section-boxed elementor-section-height-default elementor-section-height-default\" data-id=\"5accdf6\" data-element_type=\"section\">\n\t\t\t\t\t\t<div class=\"elementor-container elementor-column-gap-default\">\n\t\t\t\t\t<div class=\"elementor-column elementor-col-100 elementor-top-column elementor-element elementor-element-e487668\" data-id=\"e487668\" data-element_type=\"column\">\n\t\t\t<div class=\"elementor-widget-wrap elementor-element-populated\">\n\t\t\t\t\t\t<div class=\"elementor-element elementor-element-4e71dfd elementor-widget elementor-widget-rs-heading\" data-id=\"4e71dfd\" data-element_type=\"widget\" data-widget_type=\"rs-heading.default\">\n\t\t\t\t<div class=\"elementor-widget-container\">\n\t\t\t        <div class=\"rs-heading default  \">\r\n        \t<div class=\"title-inner\">        \t\t      \t\t\r\n\t            \t\t\t\t\t        <\/div>\r\n\t                    \t<div class=\"description\">\r\n            \t\t<p>Wir empfehlen, Baby Detect mit Ihrem Arzt, Ihrem Kinderarzt, Ihrem Gyn\u00e4kologen oder Ihrer Hebamme zu besprechen. Sie k\u00f6nnen Ihre Fragen beantworten und Ihnen erkl\u00e4ren, wie Sie vorgehen m\u00fcssen, wenn Sie Ihr Baby untersuchen lassen m\u00f6chten.<\/p><p>Derzeit wird der Test in Belgien f\u00fcr 650 EUR\/Baby angeboten. Er wird den Eltern einige Tage nach der Durchf\u00fchrung in der Entbindungsstation direkt von der CHU L\u00fcttich in Rechnung gestellt. Bei ausgew\u00e4hlten Versicherungsgesellschaften und\/oder Gegenseitigkeitsversicherungen ist eine teilweise Erstattung m\u00f6glich. Wir empfehlen Ihnen, sich bei Ihrer Versicherungsgesellschaft zu erkundigen, da sich die Richtlinien \u00e4ndern k\u00f6nnen.<\/p><p>Die meisten Entbindungskliniken in Belgien k\u00f6nnen Baby Detect auf Anfrage durchf\u00fchren. \u00dcberpr\u00fcfen Sie, ob Ihre Geburtsstation ausgestattet ist, indem Sie auf den obenstehenden Link klicken. Sie m\u00fcssen lediglich den Arzt oder die Hebamme fragen und das beigef\u00fcgte Einverst\u00e4ndnisformular zusammen mit einem Arzt Ihrer Wahl unterschreiben. Dies kann Ihr Gyn\u00e4kologe, Kinderarzt oder Allgemeinmediziner sein. Dieses Formular wird der Blutprobenkarte Ihres Babys beigef\u00fcgt, wenn die Hebamme in der Entbindungsklinik ein paar Tropfen Blut f\u00fcr den Guthrie-Test abnimmt.<\/p><p>Wenn Ihre Entbindungsstation keine Baby Detect-Blutprobenkarten hat, f\u00fcllen Sie das untenstehende Formular aus und wir schicken Ihnen eine per Post zu. In diesem Fall m\u00fcssen Sie die Karte und das Einverst\u00e4ndnisformular zur Entbindungsstation mitbringen und das Personal bitten, die Karte beim Guthrie-Test auszuf\u00fcllen.<\/p><p>Hinweis: Die Liste enth\u00e4lt derzeit nur Geburtsstationen im franz\u00f6sischsprachigen Teil Belgiens. Sie wird laufend erweitert, und andere Geburtsstationen in Flandern sowie in den Nachbarl\u00e4ndern haben bereits Baby Detect-Tests durchgef\u00fchrt. Kontaktieren Sie uns, um mehr zu erfahren.<\/p><p>Wir empfehlen, den Test in der Entbindungsklinik gleichzeitig mit dem herk\u00f6mmlichen Guthrie-Test durchzuf\u00fchren. Wenn dies nicht m\u00f6glich ist, kann der Test auch von einer medizinischen Fachkraft in einer anerkannten Gesundheitseinrichtung (Krankenhaus, Labor, Privatpraxis) durchgef\u00fchrt werden. Der Test sollte so fr\u00fch wie m\u00f6glich, in den ersten drei Monaten nach der Geburt, durchgef\u00fchrt werden.<\/p>            \t\t\r\n            \t<\/div>\r\n        \t        <\/div>\r\n\r\n        \t\t<\/div>\n\t\t\t\t<\/div>\n\t\t\t\t\t<\/div>\n\t\t<\/div>\n\t\t\t\t\t<\/div>\n\t\t<\/section>\n\t\t\t\t<\/div>\n\t\t","protected":false},"excerpt":{"rendered":"<p>Geburtsstationen bereit f\u00fcr Baby Detect Drucken Sie Ihr Einverst\u00e4ndnisformular aus Bestellen Sie Ihre Blutentnahmekarte Wir empfehlen, Baby Detect mit Ihrem Arzt, Ihrem Kinderarzt, Ihrem Gyn\u00e4kologen oder Ihrer Hebamme zu besprechen. Sie k\u00f6nnen Ihre Fragen beantworten und Ihnen erkl\u00e4ren, wie Sie vorgehen m\u00fcssen, wenn Sie Ihr Baby untersuchen lassen m\u00f6chten. Derzeit wird der Test in Belgien&#8230;<\/p>\n","protected":false},"author":4,"featured_media":0,"parent":0,"menu_order":0,"comment_status":"closed","ping_status":"closed","template":"","meta":{"footnotes":""},"_links":{"self":[{"href":"https:\/\/www.babydetect.be\/de\/wp-json\/wp\/v2\/pages\/26013"}],"collection":[{"href":"https:\/\/www.babydetect.be\/de\/wp-json\/wp\/v2\/pages"}],"about":[{"href":"https:\/\/www.babydetect.be\/de\/wp-json\/wp\/v2\/types\/page"}],"author":[{"embeddable":true,"href":"https:\/\/www.babydetect.be\/de\/wp-json\/wp\/v2\/users\/4"}],"replies":[{"embeddable":true,"href":"https:\/\/www.babydetect.be\/de\/wp-json\/wp\/v2\/comments?post=26013"}],"version-history":[{"count":48,"href":"https:\/\/www.babydetect.be\/de\/wp-json\/wp\/v2\/pages\/26013\/revisions"}],"predecessor-version":[{"id":27774,"href":"https:\/\/www.babydetect.be\/de\/wp-json\/wp\/v2\/pages\/26013\/revisions\/27774"}],"wp:attachment":[{"href":"https:\/\/www.babydetect.be\/de\/wp-json\/wp\/v2\/media?parent=26013"}],"curies":[{"name":"wp","href":"https:\/\/api.w.org\/{rel}","templated":true}]}}