{"id":25979,"date":"2024-06-11T13:38:40","date_gmt":"2024-06-11T13:38:40","guid":{"rendered":"https:\/\/www.babydetect.be\/andere-sprachen\/"},"modified":"2024-11-22T10:24:35","modified_gmt":"2024-11-22T10:24:35","slug":"andere-sprachen","status":"publish","type":"page","link":"https:\/\/www.babydetect.be\/de\/andere-sprachen\/","title":{"rendered":"Andere Sprachen"},"content":{"rendered":"\t\t<div data-elementor-type=\"wp-page\" data-elementor-id=\"25979\" class=\"elementor elementor-25979 elementor-24044\">\n\t\t\t\t\t\t<section class=\"elementor-section elementor-top-section elementor-element elementor-element-71d8938 elementor-section-boxed elementor-section-height-default elementor-section-height-default\" data-id=\"71d8938\" data-element_type=\"section\">\n\t\t\t\t\t\t<div class=\"elementor-container elementor-column-gap-default\">\n\t\t\t\t\t<div class=\"elementor-column elementor-col-20 elementor-top-column elementor-element elementor-element-1a640af6\" data-id=\"1a640af6\" data-element_type=\"column\">\n\t\t\t<div class=\"elementor-widget-wrap elementor-element-populated\">\n\t\t\t\t\t\t<div class=\"elementor-element elementor-element-54152b4b elementor-position-top elementor-widget elementor-widget-image-box\" data-id=\"54152b4b\" data-element_type=\"widget\" data-widget_type=\"image-box.default\">\n\t\t\t\t<div class=\"elementor-widget-container\">\n\t\t\t<style>\/*! elementor - v3.21.0 - 26-05-2024 *\/\n.elementor-widget-image-box .elementor-image-box-content{width:100%}@media (min-width:768px){.elementor-widget-image-box.elementor-position-left .elementor-image-box-wrapper,.elementor-widget-image-box.elementor-position-right .elementor-image-box-wrapper{display:flex}.elementor-widget-image-box.elementor-position-right .elementor-image-box-wrapper{text-align:end;flex-direction:row-reverse}.elementor-widget-image-box.elementor-position-left .elementor-image-box-wrapper{text-align:start;flex-direction:row}.elementor-widget-image-box.elementor-position-top .elementor-image-box-img{margin:auto}.elementor-widget-image-box.elementor-vertical-align-top .elementor-image-box-wrapper{align-items:flex-start}.elementor-widget-image-box.elementor-vertical-align-middle .elementor-image-box-wrapper{align-items:center}.elementor-widget-image-box.elementor-vertical-align-bottom .elementor-image-box-wrapper{align-items:flex-end}}@media (max-width:767px){.elementor-widget-image-box .elementor-image-box-img{margin-left:auto!important;margin-right:auto!important;margin-bottom:15px}}.elementor-widget-image-box .elementor-image-box-img{display:inline-block}.elementor-widget-image-box .elementor-image-box-title a{color:inherit}.elementor-widget-image-box .elementor-image-box-wrapper{text-align:center}.elementor-widget-image-box .elementor-image-box-description{margin:0}<\/style><div class=\"elementor-image-box-wrapper\"><figure class=\"elementor-image-box-img\"><a href=\"https:\/\/www.babydetect.be\/wp-content\/uploads\/2024\/11\/Flyer_BabyDetect_Arabe.pdf\" target=\"_blank\" tabindex=\"-1\"><img fetchpriority=\"high\" decoding=\"async\" width=\"292\" height=\"414\" src=\"https:\/\/www.babydetect.be\/wp-content\/uploads\/2024\/11\/arabe.jpg\" class=\"attachment-full size-full wp-image-25187\" alt=\"\" srcset=\"https:\/\/www.babydetect.be\/wp-content\/uploads\/2024\/11\/arabe.jpg 292w, https:\/\/www.babydetect.be\/wp-content\/uploads\/2024\/11\/arabe-212x300.jpg 212w\" sizes=\"(max-width: 292px) 100vw, 292px\" \/><\/a><\/figure><div class=\"elementor-image-box-content\"><h3 class=\"elementor-image-box-title\"><a href=\"https:\/\/www.babydetect.be\/wp-content\/uploads\/2024\/11\/Flyer_BabyDetect_Arabe.pdf\" target=\"_blank\">\u0627\u0644\u0644\u063a\u0629 \u0627\u0644\u0639\u0631\u0628\u064a\u0629<\/a><\/h3><\/div><\/div>\t\t<\/div>\n\t\t\t\t<\/div>\n\t\t\t\t\t<\/div>\n\t\t<\/div>\n\t\t\t\t<div class=\"elementor-column elementor-col-20 elementor-top-column elementor-element elementor-element-5d0442f7\" data-id=\"5d0442f7\" data-element_type=\"column\">\n\t\t\t<div class=\"elementor-widget-wrap elementor-element-populated\">\n\t\t\t\t\t\t<div class=\"elementor-element elementor-element-1383796c elementor-position-top elementor-widget elementor-widget-image-box\" data-id=\"1383796c\" data-element_type=\"widget\" data-widget_type=\"image-box.default\">\n\t\t\t\t<div class=\"elementor-widget-container\">\n\t\t\t<div class=\"elementor-image-box-wrapper\"><figure class=\"elementor-image-box-img\"><a href=\"https:\/\/www.babydetect.be\/wp-content\/uploads\/2024\/11\/Flyer_BabyDetect_ESPAGNOL.pdf\" target=\"_blank\" tabindex=\"-1\"><img decoding=\"async\" width=\"292\" height=\"414\" src=\"https:\/\/www.babydetect.be\/wp-content\/uploads\/2024\/11\/espagnol.jpg\" class=\"attachment-full size-full wp-image-25199\" alt=\"\" srcset=\"https:\/\/www.babydetect.be\/wp-content\/uploads\/2024\/11\/espagnol.jpg 292w, https:\/\/www.babydetect.be\/wp-content\/uploads\/2024\/11\/espagnol-212x300.jpg 212w\" sizes=\"(max-width: 292px) 100vw, 292px\" \/><\/a><\/figure><div class=\"elementor-image-box-content\"><h3 class=\"elementor-image-box-title\"><a href=\"https:\/\/www.babydetect.be\/wp-content\/uploads\/2024\/11\/Flyer_BabyDetect_ESPAGNOL.pdf\" target=\"_blank\">Espa\u00f1ol<\/a><\/h3><\/div><\/div>\t\t<\/div>\n\t\t\t\t<\/div>\n\t\t\t\t\t<\/div>\n\t\t<\/div>\n\t\t\t\t<div class=\"elementor-column elementor-col-20 elementor-top-column elementor-element elementor-element-10102749\" data-id=\"10102749\" data-element_type=\"column\">\n\t\t\t<div class=\"elementor-widget-wrap elementor-element-populated\">\n\t\t\t\t\t\t<div class=\"elementor-element elementor-element-557bc85d elementor-position-top elementor-widget elementor-widget-image-box\" data-id=\"557bc85d\" data-element_type=\"widget\" data-widget_type=\"image-box.default\">\n\t\t\t\t<div class=\"elementor-widget-container\">\n\t\t\t<div class=\"elementor-image-box-wrapper\"><figure class=\"elementor-image-box-img\"><a href=\"https:\/\/www.babydetect.be\/wp-content\/uploads\/2024\/11\/Flyer_BabyDetect_POLONAIS.pdf\" target=\"_blank\" tabindex=\"-1\"><img decoding=\"async\" width=\"292\" height=\"414\" src=\"https:\/\/www.babydetect.be\/wp-content\/uploads\/2024\/11\/polonais.jpg\" class=\"attachment-full size-full wp-image-25214\" alt=\"\" srcset=\"https:\/\/www.babydetect.be\/wp-content\/uploads\/2024\/11\/polonais.jpg 292w, https:\/\/www.babydetect.be\/wp-content\/uploads\/2024\/11\/polonais-212x300.jpg 212w\" sizes=\"(max-width: 292px) 100vw, 292px\" \/><\/a><\/figure><div class=\"elementor-image-box-content\"><h3 class=\"elementor-image-box-title\"><a href=\"https:\/\/www.babydetect.be\/wp-content\/uploads\/2024\/11\/Flyer_BabyDetect_POLONAIS.pdf\" target=\"_blank\">Polski<\/a><\/h3><\/div><\/div>\t\t<\/div>\n\t\t\t\t<\/div>\n\t\t\t\t\t<\/div>\n\t\t<\/div>\n\t\t\t\t<div class=\"elementor-column elementor-col-20 elementor-top-column elementor-element elementor-element-7a4febac\" data-id=\"7a4febac\" data-element_type=\"column\">\n\t\t\t<div class=\"elementor-widget-wrap elementor-element-populated\">\n\t\t\t\t\t\t<div class=\"elementor-element elementor-element-4a9ce2e0 elementor-position-top elementor-widget elementor-widget-image-box\" data-id=\"4a9ce2e0\" data-element_type=\"widget\" data-widget_type=\"image-box.default\">\n\t\t\t\t<div class=\"elementor-widget-container\">\n\t\t\t<div class=\"elementor-image-box-wrapper\"><figure class=\"elementor-image-box-img\"><a href=\"https:\/\/www.babydetect.be\/wp-content\/uploads\/2024\/11\/Flyer_BabyDetect_RUSSE.pdf\" target=\"_blank\" tabindex=\"-1\"><img loading=\"lazy\" decoding=\"async\" width=\"292\" height=\"414\" src=\"https:\/\/www.babydetect.be\/wp-content\/uploads\/2024\/11\/russe.jpg\" class=\"attachment-full size-full wp-image-25226\" alt=\"\" srcset=\"https:\/\/www.babydetect.be\/wp-content\/uploads\/2024\/11\/russe.jpg 292w, https:\/\/www.babydetect.be\/wp-content\/uploads\/2024\/11\/russe-212x300.jpg 212w\" sizes=\"(max-width: 292px) 100vw, 292px\" \/><\/a><\/figure><div class=\"elementor-image-box-content\"><h3 class=\"elementor-image-box-title\"><a href=\"https:\/\/www.babydetect.be\/wp-content\/uploads\/2024\/11\/Flyer_BabyDetect_RUSSE.pdf\" target=\"_blank\">\u0420\u0443\u0441\u0441\u043a\u0438\u0439<\/a><\/h3><\/div><\/div>\t\t<\/div>\n\t\t\t\t<\/div>\n\t\t\t\t\t<\/div>\n\t\t<\/div>\n\t\t\t\t<div class=\"elementor-column elementor-col-20 elementor-top-column elementor-element elementor-element-726ec09c\" data-id=\"726ec09c\" data-element_type=\"column\">\n\t\t\t<div class=\"elementor-widget-wrap elementor-element-populated\">\n\t\t\t\t\t\t<div class=\"elementor-element elementor-element-6d0a8d20 elementor-position-top elementor-widget elementor-widget-image-box\" data-id=\"6d0a8d20\" data-element_type=\"widget\" data-widget_type=\"image-box.default\">\n\t\t\t\t<div class=\"elementor-widget-container\">\n\t\t\t<div class=\"elementor-image-box-wrapper\"><figure class=\"elementor-image-box-img\"><a href=\"https:\/\/www.babydetect.be\/wp-content\/uploads\/2024\/11\/Flyer_BabyDetect_TURC.pdf\" target=\"_blank\" tabindex=\"-1\"><img loading=\"lazy\" decoding=\"async\" width=\"292\" height=\"414\" src=\"https:\/\/www.babydetect.be\/wp-content\/uploads\/2024\/11\/turc.jpg\" class=\"attachment-full size-full wp-image-25238\" alt=\"\" srcset=\"https:\/\/www.babydetect.be\/wp-content\/uploads\/2024\/11\/turc.jpg 292w, https:\/\/www.babydetect.be\/wp-content\/uploads\/2024\/11\/turc-212x300.jpg 212w\" sizes=\"(max-width: 292px) 100vw, 292px\" \/><\/a><\/figure><div class=\"elementor-image-box-content\"><h3 class=\"elementor-image-box-title\"><a href=\"https:\/\/www.babydetect.be\/wp-content\/uploads\/2024\/11\/Flyer_BabyDetect_TURC.pdf\" target=\"_blank\">T\u00fcrk\u00e7e<\/a><\/h3><\/div><\/div>\t\t<\/div>\n\t\t\t\t<\/div>\n\t\t\t\t\t<\/div>\n\t\t<\/div>\n\t\t\t\t\t<\/div>\n\t\t<\/section>\n\t\t\t\t<section class=\"elementor-section elementor-top-section elementor-element elementor-element-69bbce10 elementor-section-boxed elementor-section-height-default elementor-section-height-default\" data-id=\"69bbce10\" data-element_type=\"section\">\n\t\t\t\t\t\t<div class=\"elementor-container elementor-column-gap-default\">\n\t\t\t\t\t<div class=\"elementor-column elementor-col-20 elementor-top-column elementor-element elementor-element-5ea13932\" data-id=\"5ea13932\" data-element_type=\"column\">\n\t\t\t<div class=\"elementor-widget-wrap elementor-element-populated\">\n\t\t\t\t\t\t<div class=\"elementor-element elementor-element-283a882e elementor-position-top elementor-widget elementor-widget-image-box\" data-id=\"283a882e\" data-element_type=\"widget\" data-widget_type=\"image-box.default\">\n\t\t\t\t<div class=\"elementor-widget-container\">\n\t\t\t<div class=\"elementor-image-box-wrapper\"><figure class=\"elementor-image-box-img\"><a href=\"https:\/\/www.babydetect.be\/wp-content\/uploads\/2024\/11\/Flyer_BabyDetect_ALLEMAND.pdf\" target=\"_blank\" tabindex=\"-1\"><img loading=\"lazy\" decoding=\"async\" width=\"292\" height=\"414\" src=\"https:\/\/www.babydetect.be\/wp-content\/uploads\/2024\/11\/german.jpg\" class=\"attachment-full size-full wp-image-25250\" alt=\"\" srcset=\"https:\/\/www.babydetect.be\/wp-content\/uploads\/2024\/11\/german.jpg 292w, https:\/\/www.babydetect.be\/wp-content\/uploads\/2024\/11\/german-212x300.jpg 212w\" sizes=\"(max-width: 292px) 100vw, 292px\" \/><\/a><\/figure><div class=\"elementor-image-box-content\"><h3 class=\"elementor-image-box-title\"><a href=\"https:\/\/www.babydetect.be\/wp-content\/uploads\/2024\/11\/Flyer_BabyDetect_ALLEMAND.pdf\" target=\"_blank\">Deutsch<\/a><\/h3><\/div><\/div>\t\t<\/div>\n\t\t\t\t<\/div>\n\t\t\t\t\t<\/div>\n\t\t<\/div>\n\t\t\t\t<div class=\"elementor-column elementor-col-20 elementor-top-column elementor-element elementor-element-7a56c5ae\" data-id=\"7a56c5ae\" data-element_type=\"column\">\n\t\t\t<div class=\"elementor-widget-wrap elementor-element-populated\">\n\t\t\t\t\t\t<div class=\"elementor-element elementor-element-6d9f73e4 elementor-position-top elementor-widget elementor-widget-image-box\" data-id=\"6d9f73e4\" data-element_type=\"widget\" data-widget_type=\"image-box.default\">\n\t\t\t\t<div class=\"elementor-widget-container\">\n\t\t\t<div class=\"elementor-image-box-wrapper\"><figure class=\"elementor-image-box-img\"><a href=\"https:\/\/www.babydetect.be\/wp-content\/uploads\/2024\/11\/Flyer_BabyDetect_ANGLAIS.pdf\" target=\"_blank\" tabindex=\"-1\"><img loading=\"lazy\" decoding=\"async\" width=\"292\" height=\"414\" src=\"https:\/\/www.babydetect.be\/wp-content\/uploads\/2024\/11\/english.jpg\" class=\"attachment-full size-full wp-image-25175\" alt=\"\" srcset=\"https:\/\/www.babydetect.be\/wp-content\/uploads\/2024\/11\/english.jpg 292w, https:\/\/www.babydetect.be\/wp-content\/uploads\/2024\/11\/english-212x300.jpg 212w\" sizes=\"(max-width: 292px) 100vw, 292px\" \/><\/a><\/figure><div class=\"elementor-image-box-content\"><h3 class=\"elementor-image-box-title\"><a href=\"https:\/\/www.babydetect.be\/wp-content\/uploads\/2024\/11\/Flyer_BabyDetect_ANGLAIS.pdf\" target=\"_blank\">English<\/a><\/h3><\/div><\/div>\t\t<\/div>\n\t\t\t\t<\/div>\n\t\t\t\t\t<\/div>\n\t\t<\/div>\n\t\t\t\t<div class=\"elementor-column elementor-col-20 elementor-top-column elementor-element elementor-element-6fd2623b\" data-id=\"6fd2623b\" data-element_type=\"column\">\n\t\t\t<div class=\"elementor-widget-wrap elementor-element-populated\">\n\t\t\t\t\t\t<div class=\"elementor-element elementor-element-1aa1e0d6 elementor-position-top elementor-widget elementor-widget-image-box\" data-id=\"1aa1e0d6\" data-element_type=\"widget\" data-widget_type=\"image-box.default\">\n\t\t\t\t<div class=\"elementor-widget-container\">\n\t\t\t<div class=\"elementor-image-box-wrapper\"><figure class=\"elementor-image-box-img\"><a href=\"https:\/\/www.babydetect.be\/wp-content\/uploads\/2024\/11\/Flyer_BabyDetect_ITALIEN.pdf\" target=\"_blank\" tabindex=\"-1\"><img loading=\"lazy\" decoding=\"async\" width=\"292\" height=\"414\" src=\"https:\/\/www.babydetect.be\/wp-content\/uploads\/2024\/11\/italian.jpg\" class=\"attachment-full size-full wp-image-25262\" alt=\"\" srcset=\"https:\/\/www.babydetect.be\/wp-content\/uploads\/2024\/11\/italian.jpg 292w, https:\/\/www.babydetect.be\/wp-content\/uploads\/2024\/11\/italian-212x300.jpg 212w\" sizes=\"(max-width: 292px) 100vw, 292px\" \/><\/a><\/figure><div class=\"elementor-image-box-content\"><h3 class=\"elementor-image-box-title\"><a href=\"https:\/\/www.babydetect.be\/wp-content\/uploads\/2024\/11\/Flyer_BabyDetect_ITALIEN.pdf\" target=\"_blank\">Italiano<\/a><\/h3><\/div><\/div>\t\t<\/div>\n\t\t\t\t<\/div>\n\t\t\t\t\t<\/div>\n\t\t<\/div>\n\t\t\t\t<div class=\"elementor-column elementor-col-20 elementor-top-column elementor-element elementor-element-5aa85edd\" data-id=\"5aa85edd\" data-element_type=\"column\">\n\t\t\t<div class=\"elementor-widget-wrap elementor-element-populated\">\n\t\t\t\t\t\t<div class=\"elementor-element elementor-element-7f12cb00 elementor-position-top elementor-widget elementor-widget-image-box\" data-id=\"7f12cb00\" data-element_type=\"widget\" data-widget_type=\"image-box.default\">\n\t\t\t\t<div class=\"elementor-widget-container\">\n\t\t\t<div class=\"elementor-image-box-wrapper\"><figure class=\"elementor-image-box-img\"><a href=\"https:\/\/www.babydetect.be\/wp-content\/uploads\/2024\/11\/Flyer_BabyDetect_NL.pdf\" target=\"_blank\" tabindex=\"-1\"><img loading=\"lazy\" decoding=\"async\" width=\"292\" height=\"414\" src=\"https:\/\/www.babydetect.be\/wp-content\/uploads\/2024\/11\/nl.jpg\" class=\"attachment-full size-full wp-image-25274\" alt=\"\" srcset=\"https:\/\/www.babydetect.be\/wp-content\/uploads\/2024\/11\/nl.jpg 292w, https:\/\/www.babydetect.be\/wp-content\/uploads\/2024\/11\/nl-212x300.jpg 212w\" sizes=\"(max-width: 292px) 100vw, 292px\" \/><\/a><\/figure><div class=\"elementor-image-box-content\"><h3 class=\"elementor-image-box-title\"><a href=\"https:\/\/www.babydetect.be\/wp-content\/uploads\/2024\/11\/Flyer_BabyDetect_NL.pdf\" target=\"_blank\">Nederlands<\/a><\/h3><\/div><\/div>\t\t<\/div>\n\t\t\t\t<\/div>\n\t\t\t\t\t<\/div>\n\t\t<\/div>\n\t\t\t\t<div class=\"elementor-column elementor-col-20 elementor-top-column elementor-element elementor-element-205b284e\" data-id=\"205b284e\" data-element_type=\"column\">\n\t\t\t<div class=\"elementor-widget-wrap elementor-element-populated\">\n\t\t\t\t\t\t<div class=\"elementor-element elementor-element-1cc0d4fd elementor-position-top elementor-widget elementor-widget-image-box\" data-id=\"1cc0d4fd\" data-element_type=\"widget\" data-widget_type=\"image-box.default\">\n\t\t\t\t<div class=\"elementor-widget-container\">\n\t\t\t<div class=\"elementor-image-box-wrapper\"><figure class=\"elementor-image-box-img\"><a href=\"https:\/\/www.babydetect.be\/wp-content\/uploads\/2024\/11\/Flyer_BabyDetect_ROUMAIN.pdf\" target=\"_blank\" tabindex=\"-1\"><img loading=\"lazy\" decoding=\"async\" width=\"292\" height=\"414\" src=\"https:\/\/www.babydetect.be\/wp-content\/uploads\/2024\/11\/ro.jpg\" class=\"attachment-full size-full wp-image-25286\" alt=\"\" srcset=\"https:\/\/www.babydetect.be\/wp-content\/uploads\/2024\/11\/ro.jpg 292w, https:\/\/www.babydetect.be\/wp-content\/uploads\/2024\/11\/ro-212x300.jpg 212w\" sizes=\"(max-width: 292px) 100vw, 292px\" \/><\/a><\/figure><div class=\"elementor-image-box-content\"><h3 class=\"elementor-image-box-title\"><a href=\"https:\/\/www.babydetect.be\/wp-content\/uploads\/2024\/11\/Flyer_BabyDetect_ROUMAIN.pdf\" target=\"_blank\">Rom\u00e2n\u0103<\/a><\/h3><\/div><\/div>\t\t<\/div>\n\t\t\t\t<\/div>\n\t\t\t\t\t<\/div>\n\t\t<\/div>\n\t\t\t\t\t<\/div>\n\t\t<\/section>\n\t\t\t\t<section class=\"elementor-section elementor-top-section elementor-element elementor-element-6783aaa elementor-section-boxed elementor-section-height-default elementor-section-height-default\" data-id=\"6783aaa\" data-element_type=\"section\">\n\t\t\t\t\t\t<div class=\"elementor-container elementor-column-gap-default\">\n\t\t\t\t\t<div class=\"elementor-column elementor-col-20 elementor-top-column elementor-element elementor-element-8811930\" data-id=\"8811930\" data-element_type=\"column\">\n\t\t\t<div class=\"elementor-widget-wrap elementor-element-populated\">\n\t\t\t\t\t\t<div class=\"elementor-element elementor-element-021c99d elementor-position-top elementor-widget elementor-widget-image-box\" data-id=\"021c99d\" data-element_type=\"widget\" data-widget_type=\"image-box.default\">\n\t\t\t\t<div class=\"elementor-widget-container\">\n\t\t\t<div class=\"elementor-image-box-wrapper\"><figure class=\"elementor-image-box-img\"><a href=\"https:\/\/www.babydetect.be\/wp-content\/uploads\/2024\/11\/Flyer_BabyDetect_FR.pdf\" target=\"_blank\" tabindex=\"-1\"><img loading=\"lazy\" decoding=\"async\" width=\"292\" height=\"414\" src=\"https:\/\/www.babydetect.be\/wp-content\/uploads\/2024\/11\/fr.jpg\" class=\"attachment-full size-full wp-image-25211\" alt=\"\" srcset=\"https:\/\/www.babydetect.be\/wp-content\/uploads\/2024\/11\/fr.jpg 292w, https:\/\/www.babydetect.be\/wp-content\/uploads\/2024\/11\/fr-212x300.jpg 212w\" sizes=\"(max-width: 292px) 100vw, 292px\" \/><\/a><\/figure><div class=\"elementor-image-box-content\"><h3 class=\"elementor-image-box-title\"><a href=\"https:\/\/www.babydetect.be\/wp-content\/uploads\/2024\/11\/Flyer_BabyDetect_FR.pdf\" target=\"_blank\">Fran\u00e7ais<\/a><\/h3><\/div><\/div>\t\t<\/div>\n\t\t\t\t<\/div>\n\t\t\t\t\t<\/div>\n\t\t<\/div>\n\t\t\t\t<div class=\"elementor-column elementor-col-20 elementor-top-column elementor-element elementor-element-0e5c7f0\" data-id=\"0e5c7f0\" data-element_type=\"column\">\n\t\t\t<div class=\"elementor-widget-wrap elementor-element-populated\">\n\t\t\t\t\t\t<div class=\"elementor-element elementor-element-2fb0f44 elementor-position-top elementor-widget elementor-widget-image-box\" data-id=\"2fb0f44\" data-element_type=\"widget\" data-widget_type=\"image-box.default\">\n\t\t\t\t<div class=\"elementor-widget-container\">\n\t\t\t<div class=\"elementor-image-box-wrapper\"><figure class=\"elementor-image-box-img\"><a href=\"https:\/\/www.babydetect.be\/wp-content\/uploads\/2024\/11\/Flyer_BabyDetect_GREC.pdf\" target=\"_blank\" tabindex=\"-1\"><img loading=\"lazy\" decoding=\"async\" width=\"292\" height=\"414\" src=\"https:\/\/www.babydetect.be\/wp-content\/uploads\/2024\/11\/grec.jpg\" class=\"attachment-full size-full wp-image-25308\" alt=\"\" srcset=\"https:\/\/www.babydetect.be\/wp-content\/uploads\/2024\/11\/grec.jpg 292w, https:\/\/www.babydetect.be\/wp-content\/uploads\/2024\/11\/grec-212x300.jpg 212w\" sizes=\"(max-width: 292px) 100vw, 292px\" \/><\/a><\/figure><div class=\"elementor-image-box-content\"><h3 class=\"elementor-image-box-title\"><a href=\"https:\/\/www.babydetect.be\/wp-content\/uploads\/2024\/11\/Flyer_BabyDetect_GREC.pdf\" target=\"_blank\">\u0395\u03bb\u03bb\u03b7\u03bd\u03b9\u03ba\u03ae<\/a><\/h3><\/div><\/div>\t\t<\/div>\n\t\t\t\t<\/div>\n\t\t\t\t\t<\/div>\n\t\t<\/div>\n\t\t\t\t<div class=\"elementor-column elementor-col-20 elementor-top-column elementor-element elementor-element-d4ec0de\" data-id=\"d4ec0de\" data-element_type=\"column\">\n\t\t\t<div class=\"elementor-widget-wrap elementor-element-populated\">\n\t\t\t\t\t\t<div class=\"elementor-element elementor-element-9a1e0ac elementor-position-top elementor-widget elementor-widget-image-box\" data-id=\"9a1e0ac\" data-element_type=\"widget\" data-widget_type=\"image-box.default\">\n\t\t\t\t<div class=\"elementor-widget-container\">\n\t\t\t<div class=\"elementor-image-box-wrapper\"><figure class=\"elementor-image-box-img\"><a href=\"https:\/\/www.babydetect.be\/wp-content\/uploads\/2024\/11\/Flyer_BabyDetect_PORTUGAIS.pdf\" target=\"_blank\" tabindex=\"-1\"><img loading=\"lazy\" decoding=\"async\" width=\"292\" height=\"414\" src=\"https:\/\/www.babydetect.be\/wp-content\/uploads\/2024\/11\/portugais.jpg\" class=\"attachment-full size-full wp-image-25327\" alt=\"\" srcset=\"https:\/\/www.babydetect.be\/wp-content\/uploads\/2024\/11\/portugais.jpg 292w, https:\/\/www.babydetect.be\/wp-content\/uploads\/2024\/11\/portugais-212x300.jpg 212w\" sizes=\"(max-width: 292px) 100vw, 292px\" \/><\/a><\/figure><div class=\"elementor-image-box-content\"><h3 class=\"elementor-image-box-title\"><a href=\"https:\/\/www.babydetect.be\/wp-content\/uploads\/2024\/11\/Flyer_BabyDetect_PORTUGAIS.pdf\" target=\"_blank\">Portugu\u00eas<\/a><\/h3><\/div><\/div>\t\t<\/div>\n\t\t\t\t<\/div>\n\t\t\t\t\t<\/div>\n\t\t<\/div>\n\t\t\t\t<div class=\"elementor-column elementor-col-20 elementor-top-column elementor-element elementor-element-6d5d644\" data-id=\"6d5d644\" data-element_type=\"column\">\n\t\t\t<div class=\"elementor-widget-wrap elementor-element-populated\">\n\t\t\t\t\t\t<div class=\"elementor-element elementor-element-ae57bcb elementor-position-top elementor-widget elementor-widget-image-box\" data-id=\"ae57bcb\" data-element_type=\"widget\" data-widget_type=\"image-box.default\">\n\t\t\t\t<div class=\"elementor-widget-container\">\n\t\t\t<div class=\"elementor-image-box-wrapper\"><figure class=\"elementor-image-box-img\"><a href=\"https:\/\/www.babydetect.be\/wp-content\/uploads\/2024\/11\/Flyer_BabyDetect_UKRAINIEN.pdf\" target=\"_blank\" tabindex=\"-1\"><img loading=\"lazy\" decoding=\"async\" width=\"292\" height=\"414\" src=\"https:\/\/www.babydetect.be\/wp-content\/uploads\/2024\/11\/ukrainien.jpg\" class=\"attachment-full size-full wp-image-25348\" alt=\"\" srcset=\"https:\/\/www.babydetect.be\/wp-content\/uploads\/2024\/11\/ukrainien.jpg 292w, https:\/\/www.babydetect.be\/wp-content\/uploads\/2024\/11\/ukrainien-212x300.jpg 212w\" sizes=\"(max-width: 292px) 100vw, 292px\" \/><\/a><\/figure><div class=\"elementor-image-box-content\"><h3 class=\"elementor-image-box-title\"><a href=\"https:\/\/www.babydetect.be\/wp-content\/uploads\/2024\/11\/Flyer_BabyDetect_UKRAINIEN.pdf\" target=\"_blank\">\u0423\u043a\u0440\u0430\u0457\u043d\u0441\u044c\u043a\u0430<\/a><\/h3><\/div><\/div>\t\t<\/div>\n\t\t\t\t<\/div>\n\t\t\t\t\t<\/div>\n\t\t<\/div>\n\t\t\t\t<div class=\"elementor-column elementor-col-20 elementor-top-column elementor-element elementor-element-0c95759\" data-id=\"0c95759\" data-element_type=\"column\">\n\t\t\t<div class=\"elementor-widget-wrap\">\n\t\t\t\t\t\t\t<\/div>\n\t\t<\/div>\n\t\t\t\t\t<\/div>\n\t\t<\/section>\n\t\t\t\t<\/div>\n\t\t","protected":false},"excerpt":{"rendered":"<p>\u0627\u0644\u0644\u063a\u0629 \u0627\u0644\u0639\u0631\u0628\u064a\u0629 Espa\u00f1ol Polski \u0420\u0443\u0441\u0441\u043a\u0438\u0439 T\u00fcrk\u00e7e Deutsch English Italiano Nederlands Rom\u00e2n\u0103 Fran\u00e7ais \u0395\u03bb\u03bb\u03b7\u03bd\u03b9\u03ba\u03ae Portugu\u00eas \u0423\u043a\u0440\u0430\u0457\u043d\u0441\u044c\u043a\u0430<\/p>\n","protected":false},"author":4,"featured_media":0,"parent":0,"menu_order":0,"comment_status":"closed","ping_status":"closed","template":"","meta":{"footnotes":""},"_links":{"self":[{"href":"https:\/\/www.babydetect.be\/de\/wp-json\/wp\/v2\/pages\/25979"}],"collection":[{"href":"https:\/\/www.babydetect.be\/de\/wp-json\/wp\/v2\/pages"}],"about":[{"href":"https:\/\/www.babydetect.be\/de\/wp-json\/wp\/v2\/types\/page"}],"author":[{"embeddable":true,"href":"https:\/\/www.babydetect.be\/de\/wp-json\/wp\/v2\/users\/4"}],"replies":[{"embeddable":true,"href":"https:\/\/www.babydetect.be\/de\/wp-json\/wp\/v2\/comments?post=25979"}],"version-history":[{"count":3,"href":"https:\/\/www.babydetect.be\/de\/wp-json\/wp\/v2\/pages\/25979\/revisions"}],"predecessor-version":[{"id":25982,"href":"https:\/\/www.babydetect.be\/de\/wp-json\/wp\/v2\/pages\/25979\/revisions\/25982"}],"wp:attachment":[{"href":"https:\/\/www.babydetect.be\/de\/wp-json\/wp\/v2\/media?parent=25979"}],"curies":[{"name":"wp","href":"https:\/\/api.w.org\/{rel}","templated":true}]}}