{"id":25551,"date":"2022-09-01T08:06:57","date_gmt":"2022-09-01T08:06:57","guid":{"rendered":"https:\/\/www.babydetect.be\/cookie-richtlinie-eu\/"},"modified":"2024-11-21T14:16:27","modified_gmt":"2024-11-21T14:16:27","slug":"cookie-richtlinie-eu","status":"publish","type":"page","link":"https:\/\/www.babydetect.be\/de\/cookie-richtlinie-eu\/","title":{"rendered":"Cookie-Richtlinie (EU)"},"content":{"rendered":"<p><!-- Legal document generated by Complianz | GDPR\/CCPA Cookie Consent https:\/\/wordpress.org\/plugins\/complianz-gdpr --><\/p>\n<div id=\"cmplz-document\" class=\"cmplz-document cookie-statement cmplz-document-eu\">\n<p><i><span class=\"HwtZe\" lang=\"de\"><span class=\"jCAhz ChMk0b\"><span class=\"ryNqvb\">Diese Cookie-Richtlinie wurde zuletzt am 1. September 2022 aktualisiert und gilt f\u00fcr B\u00fcrger und Personen mit st\u00e4ndigem Wohnsitz im Europ\u00e4ischen Wirtschaftsraum und in der Schweiz.<\/span><\/span><\/span><\/i><\/p>\n<h4>1. <span class=\"HwtZe\" lang=\"de\"><span class=\"jCAhz ChMk0b\"><span class=\"ryNqvb\">Einf\u00fchrung<\/span><\/span><\/span><\/h4>\n<p><span class=\"HwtZe\" lang=\"de\"><span class=\"jCAhz ChMk0b\"><span class=\"ryNqvb\">Unsere Website, <a href=\"https:\/\/www.babydetect.be\">https:\/\/www.babydetect.be<\/a> (im folgenden: \u201eDie Website\u201c) verwendet Cookies und \u00e4hnliche Technologien (der Einfachheit halber werden all diese unter \u201eCookies\u201c zusammengefasst).<\/span><\/span> <span class=\"jCAhz ChMk0b\"><span class=\"ryNqvb\">Cookies werden au\u00dferdem von uns beauftragten Drittparteien platziert.<\/span><\/span> <span class=\"jCAhz ChMk0b\"><span class=\"ryNqvb\">In dem unten stehendem Dokument informieren wir Sie \u00fcber die Verwendung von Cookies auf unserer Website<\/span><\/span><\/span>.<\/p>\n<h4>2. <span class=\"HwtZe\" lang=\"de\"><span class=\"jCAhz ChMk0b\"><span class=\"ryNqvb\">Was sind Cookies<\/span><\/span><\/span>?<\/h4>\n<p><span class=\"HwtZe\" lang=\"de\"><span class=\"jCAhz ChMk0b\"><span class=\"ryNqvb\">Ein Cookie ist eine kleine, einfache Datei, die zusammen mit den Seiten dieser Website versendet und von Ihrem Browser auf der Festplatte Ihres Computers oder eines anderen Ger\u00e4ts gespeichert wird.<\/span><\/span> <span class=\"jCAhz ChMk0b\"><span class=\"ryNqvb\">Die darin gespeicherten Informationen k\u00f6nnen bei einem sp\u00e4teren Besuch an unsere Server oder an die Server der betreffenden Drittanbieter gesendet werden<\/span><\/span><\/span>.<\/p>\n<h4>3. <span class=\"HwtZe\" lang=\"de\"><span class=\"jCAhz ChMk0b\"><span class=\"ryNqvb\">Was sind Skripte<\/span><\/span><\/span>?<\/h4>\n<p><span class=\"HwtZe\" lang=\"de\"><span class=\"jCAhz ChMk0b\"><span class=\"ryNqvb\">Ein Skript ist ein St\u00fcck Programmcode, mit dem unsere Website ordnungsgem\u00e4\u00df und interaktiv funktioniert.<\/span><\/span> <span class=\"jCAhz ChMk0b\"><span class=\"ryNqvb\">Dieser Code wird auf unserem Server oder auf Ihrem Ger\u00e4t ausgef\u00fchrt<\/span><\/span><\/span>.<\/p>\n<h4>4. <span class=\"HwtZe\" lang=\"de\"><span class=\"jCAhz ChMk0b\"><span class=\"ryNqvb\">Was ist ein Web Beacon<\/span><\/span><\/span>?<\/h4>\n<p><span class=\"HwtZe\" lang=\"de\"><span class=\"jCAhz ChMk0b\"><span class=\"ryNqvb\">Ein Web Beacon (oder Pixel-Tag) ist ein kleines, unsichtbares Text- oder Bildst\u00fcck auf einer Website, das dazu dient, den Verkehr auf der Website zu \u00fcberwachen.<\/span><\/span> <span class=\"jCAhz ChMk0b\"><span class=\"ryNqvb\">Zu diesem Zweck werden mithilfe von Web Beacons verschiedene Daten \u00fcber Sie gespeichert<\/span><\/span><\/span>.<\/p>\n<h4>5. Cookies<\/h4>\n<p class=\"cmplz-subtitle\">5.1 <span class=\"HwtZe\" lang=\"de\"><span class=\"jCAhz ChMk0b\"><span class=\"ryNqvb\">Technische oder funktionale Cookies<\/span><\/span><\/span><\/p>\n<p><span class=\"HwtZe\" lang=\"de\"><span class=\"jCAhz ChMk0b\"><span class=\"ryNqvb\">Einige Cookies stellen sicher, dass Teile unserer Website richtig funktionieren und deine Nutzervorlieben bekannt bleiben.<\/span><\/span> <span class=\"jCAhz ChMk0b\"><span class=\"ryNqvb\">Durch das Platzieren funktionaler Cookies machen wir es dir einfacher unsere Website zu besuchen.<\/span><\/span> <span class=\"jCAhz ChMk0b\"><span class=\"ryNqvb\">Auf diese Weise musst du bei Besuchen unserer Website nicht wiederholt die gleichen Informationen eingeben, oder deine Gegenst\u00e4nde bleiben beispielsweise in deinem Warenkorb bis du bezahlst.<\/span><\/span> <span class=\"jCAhz ChMk0b\"><span class=\"ryNqvb\">Wir k\u00f6nnen diese Cookies ohne dein Einverst\u00e4ndnis platzieren<\/span><\/span><\/span>.<\/p>\n<p class=\"cmplz-subtitle\">5.2 Marketing\/Tracking cookies<\/p>\n<p><span class=\"HwtZe\" lang=\"de\"><span class=\"jCAhz ChMk0b\"><span class=\"ryNqvb\">Marketing-\/Tracking-Cookies sind Cookies oder jede andere Form der lokalen Speicherung, die zur Erstellung von Benutzerprofilen zur Anzeige von Werbung oder zur Verfolgung des Benutzers auf dieser Website oder \u00fcber mehrere Websites hinweg f\u00fcr \u00e4hnliche Marketingzwecke verwendet werden<\/span><\/span><\/span>.<\/p>\n<p class=\"cmplz-subtitle\">5.3 <span class=\"HwtZe\" lang=\"de\"><span class=\"jCAhz ChMk0b\"><span class=\"ryNqvb\">Schaltfl\u00e4chen f\u00fcr soziale Medien<\/span><\/span><\/span><\/p>\n<p><span class=\"HwtZe\" lang=\"de\"><span class=\"jCAhz ChMk0b\"><span class=\"ryNqvb\">Auf unserer Website haben wir Schaltfl\u00e4chen eingef\u00fcgt, um Webseiten (z. B. \u201eGef\u00e4llt mir\u201c, \u201eAnheften\u201c) oder Teilen (z. B. \u201eTweet\u201c) in sozialen Netzwerken wie \u201eGef\u00e4llt mir\u201c zu bewerben.<\/span><\/span> <span class=\"jCAhz ChMk0b\"><span class=\"ryNqvb\">Diese Schaltfl\u00e4chen funktionieren mit Codeteilen, die von ihnen selbst stammen.<\/span><\/span> <span class=\"jCAhz ChMk0b\"><span class=\"ryNqvb\">Dieser Code platziert Cookies.<\/span><\/span> <span class=\"jCAhz ChMk0b\"><span class=\"ryNqvb\">Diese Social-Media-Schaltfl\u00e4chen k\u00f6nnen auch bestimmte Informationen speichern und verarbeiten, sodass Ihnen eine personalisierte Werbung angezeigt werden kann<\/span><\/span><\/span>.<\/p>\n<p><span class=\"HwtZe\" lang=\"de\"><span class=\"jCAhz ChMk0b\"><span class=\"ryNqvb\">Bitte lesen Sie die Datenschutzrichtlinie dieser sozialen Netzwerke (die sich regelm\u00e4\u00dfig \u00e4ndern kann), um zu erfahren, was sie mit Ihren (pers\u00f6nlichen) Daten machen, die sie mithilfe dieser Cookies verarbeiten.<\/span><\/span> <span class=\"jCAhz ChMk0b\"><span class=\"ryNqvb\">Die abgerufenen Daten werden so weit wie m\u00f6glich anonymisiert<\/span><\/span><\/span>.<\/p>\n<h4>6. <span class=\"HwtZe\" lang=\"de\"><span class=\"jCAhz ChMk0b\"><span class=\"ryNqvb\">Platzierte Cookies<\/span><\/span><\/span><\/h4>\n<div id=\"cmplz-cookies-overview\">\n<details class=\"cmplz-dropdown cmplz-service-desc cmplz-dropdown-cookiepolicy \">\n<div>\n<h4>Elementor<\/h4>\n<p>Statistik (anonym)<\/p>\n<p><input class=\"cmplz-accept-service cmplz-hidden\" type=\"checkbox\" data-service=\"elementor\" data-category=\"functional\" \/><\/p>\n<\/div>\n<div class=\"cmplz-service-description\">\n<h4>Verwendung<\/h4>\n<p>Wir verwenden Elementor zur Inhaltserstellung. <a href=\"https:\/\/cookiedatabase.org\/service\/elementor\/\" target=\"_blank\" rel=\"noopener noreferrer nofollow\">Mehr lesen<\/a><\/p>\n<\/div>\n<div class=\"cmplz-sharing-data\">\n<h4>Weitergabe von Daten<\/h4>\n<p>Diese Daten werden nicht an Dritte weitergegeben.<\/p>\n<\/div>\n<div class=\"cookies-per-purpose\">\n<div class=\"purpose\">\n<h4>Statistik (anonym)<\/h4>\n<\/div>\n<div class=\"name-header\">\n<h5>Name<\/h5>\n<\/div>\n<div class=\"name\"><a href=\"https:\/\/cookiedatabase.org\/cookie\/elementor\/elementor\/\" target=\"_blank\" rel=\"noopener noreferrer nofollow\">elementor<\/a><\/div>\n<div><\/div>\n<div class=\"retention-header\">\n<h5>Ablauf<\/h5>\n<\/div>\n<div class=\"retention\">hartn\u00e4ckig<\/div>\n<div class=\"function-header\">\n<h5>Funktion<\/h5>\n<\/div>\n<div class=\"function\">Durchgef\u00fchrte Aktionen auf der Website speichern<\/div>\n<\/div>\n<\/details>\n<details class=\"cmplz-dropdown cmplz-service-desc cmplz-dropdown-cookiepolicy \">\n<div>\n<h4>Google Fonts<\/h4>\n<p>Marketing\/Tracking<\/p>\n<p><input class=\"cmplz-accept-service cmplz-hidden\" type=\"checkbox\" data-service=\"google-fonts\" data-category=\"functional\" \/><\/p>\n<\/div>\n<div class=\"cmplz-service-description\">\n<h4>Verwendung<\/h4>\n<p>Wir verwenden Google Fonts zur Anzeige von Webfonts. <a href=\"https:\/\/cookiedatabase.org\/service\/google-fonts\/\" target=\"_blank\" rel=\"noopener noreferrer nofollow\">Mehr lesen<\/a><\/p>\n<\/div>\n<div class=\"cmplz-sharing-data\">\n<h4>Weitergabe von Daten<\/h4>\n<p>Weitere Informationen finden Sie im <a href=\"https:\/\/policies.google.com\/privacy\" target=\"_blank\" rel=\"noopener noreferrer nofollow\">Google Fonts Datenschutzerkl\u00e4rung<\/a>.<\/p>\n<\/div>\n<div class=\"cookies-per-purpose\">\n<div class=\"purpose\">\n<h4>Marketing\/Tracking<\/h4>\n<\/div>\n<div class=\"name-header\">\n<h5>Name<\/h5>\n<\/div>\n<div class=\"name\"><a href=\"https:\/\/cookiedatabase.org\/cookie\/google-fonts\/tcb_google_fonts\/\" target=\"_blank\" rel=\"noopener noreferrer nofollow\">Google Fonts API<\/a><\/div>\n<div class=\"retention-header\">\n<h5>Ablauf<\/h5>\n<\/div>\n<div class=\"retention\">l\u00e4uft sofort ab<\/div>\n<div class=\"function-header\">\n<h5>Funktion<\/h5>\n<\/div>\n<div class=\"function\">Lesen Sie die Benutzer-IP-Adresse<\/div>\n<\/div>\n<\/details>\n<details class=\"cmplz-dropdown cmplz-service-desc cmplz-dropdown-cookiepolicy \">\n<div>\n<h4>Google Maps<\/h4>\n<p>Marketing\/Tracking<\/p>\n<p><input class=\"cmplz-accept-service cmplz-hidden\" type=\"checkbox\" data-service=\"google-maps\" data-category=\"functional\" \/><\/p>\n<\/div>\n<div class=\"cmplz-service-description\">\n<h4>Verwendung<\/h4>\n<p>Wir verwenden Google Maps zur Kartenanzeige. <a href=\"https:\/\/cookiedatabase.org\/service\/google-maps\/\" target=\"_blank\" rel=\"noopener noreferrer nofollow\">Mehr lesen<\/a><\/p>\n<\/div>\n<div class=\"cmplz-sharing-data\">\n<h4>Weitergabe von Daten<\/h4>\n<p>Weitere Informationen finden Sie im <a href=\"https:\/\/policies.google.com\/privacy\" target=\"_blank\" rel=\"noopener noreferrer nofollow\">Google Maps Datenschutzerkl\u00e4rung<\/a>.<\/p>\n<\/div>\n<div class=\"cookies-per-purpose\">\n<div class=\"purpose\">\n<h4>Marketing\/Tracking<\/h4>\n<\/div>\n<div class=\"name-header\">\n<h5>Name<\/h5>\n<\/div>\n<div class=\"name\"><a href=\"https:\/\/cookiedatabase.org\/cookie\/google-maps\/google-maps-api\/\" target=\"_blank\" rel=\"noopener noreferrer nofollow\">Google Maps API<\/a><\/div>\n<div class=\"retention-header\">\n<h5>Ablauf<\/h5>\n<\/div>\n<div class=\"retention\">l\u00e4uft sofort ab<\/div>\n<div class=\"function-header\">\n<h5>Funktion<\/h5>\n<\/div>\n<div class=\"function\">Lesen Sie die Benutzer-IP-Adresse<\/div>\n<\/div>\n<\/details>\n<details class=\"cmplz-dropdown cmplz-service-desc cmplz-dropdown-cookiepolicy \">\n<div>\n<h4>YouTube<\/h4>\n<p>Marketing\/Tracking, Funktionalit\u00e4t<\/p>\n<p><input class=\"cmplz-accept-service cmplz-hidden\" type=\"checkbox\" data-service=\"youtube\" data-category=\"functional\" \/><\/p>\n<\/div>\n<div class=\"cmplz-service-description\">\n<h4>Verwendung<\/h4>\n<p>Wir verwenden YouTube zur Videoanzeige. <a href=\"https:\/\/cookiedatabase.org\/service\/youtube\/\" target=\"_blank\" rel=\"noopener noreferrer nofollow\">Mehr lesen<\/a><\/p>\n<\/div>\n<div class=\"cmplz-sharing-data\">\n<h4>Weitergabe von Daten<\/h4>\n<p>Weitere Informationen finden Sie im <a href=\"https:\/\/policies.google.com\/privacy\" target=\"_blank\" rel=\"noopener noreferrer nofollow\">YouTube Datenschutzerkl\u00e4rung<\/a>.<\/p>\n<\/div>\n<div class=\"cookies-per-purpose\">\n<div class=\"purpose\">\n<h4>Marketing\/Tracking<\/h4>\n<\/div>\n<div class=\"name-header\">\n<h5>Name<\/h5>\n<\/div>\n<div class=\"name\"><a href=\"https:\/\/cookiedatabase.org\/cookie\/youtube\/gps\/\" target=\"_blank\" rel=\"noopener noreferrer nofollow\">GPS<\/a><\/div>\n<div class=\"retention-header\">\n<h5>Ablauf<\/h5>\n<\/div>\n<div class=\"retention\">Sitzung<\/div>\n<div class=\"function-header\">\n<h5>Function<\/h5>\n<\/div>\n<div class=\"function\">Standortdaten speichern<\/div>\n<div class=\"name-header\">\n<h5>Name<\/h5>\n<\/div>\n<div class=\"name\"><a href=\"https:\/\/cookiedatabase.org\/cookie\/youtube\/ysc\/\" target=\"_blank\" rel=\"noopener noreferrer nofollow\">YSC<\/a><\/div>\n<div class=\"retention-header\">\n<h5>Ablauf<\/h5>\n<\/div>\n<div class=\"retention\">Sitzung<\/div>\n<div class=\"function-header\">\n<h5>Function<\/h5>\n<\/div>\n<div class=\"function\">Speichern und Verfolgen von Interaktionen<\/div>\n<div class=\"name-header\">\n<h5>Name<\/h5>\n<\/div>\n<div class=\"name\"><a href=\"https:\/\/cookiedatabase.org\/cookie\/youtube\/pref\/\" target=\"_blank\" rel=\"noopener noreferrer nofollow\">PREF<\/a><\/div>\n<div class=\"retention-header\">\n<h5>Ablauf<\/h5>\n<\/div>\n<div class=\"retention\">8 Monate<\/div>\n<div class=\"function-header\">\n<h5>Funktion<\/h5>\n<\/div>\n<div class=\"function\">Speichern von Benutzereinstellungen<\/div>\n<\/div>\n<div class=\"cookies-per-purpose\">\n<div class=\"purpose\">\n<h4>Funktionalit\u00e4t<\/h4>\n<\/div>\n<div class=\"name-header\">\n<h5>Name<\/h5>\n<\/div>\n<div class=\"name\"><a href=\"https:\/\/cookiedatabase.org\/cookie\/youtube\/visitor_info1_live\/\" target=\"_blank\" rel=\"noopener noreferrer nofollow\">VISITOR_INFO1_LIVE<\/a><\/div>\n<div class=\"retention-header\">\n<h5>Ablauf<\/h5>\n<\/div>\n<div class=\"retention\">6 Monate<\/div>\n<div class=\"function-header\">\n<h5>Funktion<\/h5>\n<\/div>\n<div class=\"function\">Bereitstellung von Bandbreitensch\u00e4tzungen<\/div>\n<\/div>\n<\/details>\n<details class=\"cmplz-dropdown cmplz-service-desc cmplz-dropdown-cookiepolicy \">\n<div>\n<h4>Verschiedenes<\/h4>\n<p>Gegenstand der Untersuchung<\/p>\n<p><input class=\"cmplz-accept-service cmplz-hidden\" type=\"checkbox\" data-service=\"miscellaneous\" data-category=\"functional\" \/><\/p>\n<\/div>\n<div class=\"cmplz-service-description\">\n<h4>Verwendung<\/h4>\n<\/div>\n<div class=\"cmplz-sharing-data\">\n<h4>Weitergabe von Daten<\/h4>\n<p>Die Weitergabe von Daten steht noch aus<\/p>\n<\/div>\n<div class=\"cookies-per-purpose\">\n<div class=\"purpose\">\n<h4>Gegenstand der Untersuchung<\/h4>\n<\/div>\n<div class=\"name-header\">\n<h5>Name<\/h5>\n<\/div>\n<div class=\"name\">replaced_stats<\/div>\n<div class=\"retention-header\">\n<h5>Ablauf<\/h5>\n<\/div>\n<div class=\"retention\"><\/div>\n<div class=\"function-header\">\n<h5>Funktion<\/h5>\n<\/div>\n<div class=\"function\"><\/div>\n<div class=\"name-header\">\n<h5>Name<\/h5>\n<\/div>\n<div class=\"name\">mtnc_upsell_shown_timestamp<\/div>\n<div class=\"retention-header\">\n<h5>Ablauf<\/h5>\n<\/div>\n<div class=\"retention\"><\/div>\n<div class=\"function-header\">\n<h5>Function<\/h5>\n<\/div>\n<div class=\"function\"><\/div>\n<div class=\"name-header\">\n<h5>Name<\/h5>\n<\/div>\n<div class=\"name\">mtnc_upsell_shown<\/div>\n<div class=\"retention-header\">\n<h5>Ablauf<\/h5>\n<\/div>\n<div class=\"retention\"><\/div>\n<div class=\"function-header\">\n<h5>Funktion<\/h5>\n<\/div>\n<div class=\"function\"><\/div>\n<\/div>\n<\/details>\n<\/div>\n<h4><\/h4>\n<h4>7. <span class=\"HwtZe\" lang=\"de\"><span class=\"jCAhz ChMk0b\"><span class=\"ryNqvb\">Zustimmung<\/span><\/span><\/span><\/h4>\n<p><span class=\"HwtZe\" lang=\"de\"><span class=\"jCAhz ChMk0b\"><span class=\"ryNqvb\">Wenn Sie unsere Website zum ersten Mal besuchen, zeigen wir Ihnen ein Popup mit einer Erkl\u00e4rung zu Cookies.<\/span><\/span> <span class=\"jCAhz ChMk0b\"><span class=\"ryNqvb\">Sobald Sie auf \u201eEinstellungen speichern\u201c klicken, geben Sie uns Ihr Einverst\u00e4ndnis, alle von Ihnen im Popup gew\u00e4hlten Kategorien von Cookies und Plugins wie in dieser Cookie-Richtlinie beschrieben zu verwenden.<\/span><\/span> <span class=\"jCAhz ChMk0b\"><span class=\"ryNqvb\">Sie k\u00f6nnen die Verwendung von Cookies \u00fcber Ihren Browser deaktivieren, aber bitte beachten Sie, dass unsere Website dann m\u00f6glicherweise nicht mehr richtig funktioniert<\/span><\/span><\/span>.<\/p>\n<p class=\"cmplz-subtitle\">7.1 <span class=\"HwtZe\" lang=\"de\"><span class=\"jCAhz ChMk0b\"><span class=\"ryNqvb\">Verwalten Sie Ihre Zustimmungseinstellungen<\/span><\/span><\/span><\/p>\n<div id=\"cmplz-manage-consent-container-nojavascript\"><span class=\"HwtZe\" lang=\"de\"><span class=\"jCAhz ChMk0b\"><span class=\"ryNqvb\">Sie haben die Cookie-Richtlinie ohne JavaScript-Unterst\u00fctzung geladen.<\/span><\/span> <span class=\"jCAhz ChMk0b\"><span class=\"ryNqvb\">Unter AMP k\u00f6nnen Sie die Schaltfl\u00e4che \u201eEinwilligung verwalten\u201c unten auf der Seite verwenden<\/span><\/span><\/span>.<\/div>\n<div id=\"cmplz-manage-consent-container\" class=\"cmplz-manage-consent-container\"><\/div>\n<h4><\/h4>\n<h4>8. <span class=\"HwtZe\" lang=\"de\"><span class=\"jCAhz ChMk0b\"><span class=\"ryNqvb\">Ihre Rechte in Bezug auf pers\u00f6nliche Daten<\/span><\/span><\/span><\/h4>\n<p><span class=\"HwtZe\" lang=\"de\"><span class=\"jCAhz ChMk0b\"><span class=\"ryNqvb\">Sie haben in Bezug auf Ihre personenbezogenen Daten folgende Rechte<\/span><\/span><\/span>:<\/p>\n<ul>\n<li><span class=\"HwtZe\" lang=\"de\"><span class=\"jCAhz ChMk0b\"><span class=\"ryNqvb\">Sie haben das Recht zu erfahren, wof\u00fcr Ihre personenbezogenen Daten ben\u00f6tigt werden, was mit ihnen geschieht und wie lange sie gespeichert werden<\/span><\/span><\/span>.<\/li>\n<li><span class=\"HwtZe\" lang=\"de\"><span class=\"jCAhz ChMk0b\"><span class=\"ryNqvb\">Auskunftsrecht: Sie haben das Recht, auf Ihre uns bekannten personenbezogenen Daten zuzugreifen<\/span><\/span><\/span>.<\/li>\n<li><span class=\"HwtZe\" lang=\"de\"><span class=\"jCAhz ChMk0b\"><span class=\"ryNqvb\">Berichtigungsrecht: Sie haben das Recht, Ihre personenbezogenen Daten jederzeit zu erg\u00e4nzen, zu korrigieren, l\u00f6schen oder sperren zu lassen<\/span><\/span><\/span>.<\/li>\n<li><span class=\"HwtZe\" lang=\"de\"><span class=\"jCAhz ChMk0b\"><span class=\"ryNqvb\">Wenn Sie uns Ihre Einwilligung zur Verarbeitung Ihrer Daten erteilen, haben Sie das Recht, diese Einwilligung zu widerrufen und Ihre personenbezogenen Daten l\u00f6schen zu lassen<\/span><\/span><\/span>.<\/li>\n<li><span class=\"HwtZe\" lang=\"de\"><span class=\"jCAhz ChMk0b\"><span class=\"ryNqvb\">Recht auf Daten\u00fcbertragbarkeit: Sie haben das Recht, alle Ihre personenbezogenen Daten vom Verantwortlichen anzufordern und vollst\u00e4ndig an einen anderen Verantwortlichen zu \u00fcbertragen<\/span><\/span><\/span>.<\/li>\n<li><span class=\"HwtZe\" lang=\"de\"><span class=\"jCAhz ChMk0b\"><span class=\"ryNqvb\">Widerspruchsrecht: Sie k\u00f6nnen der Verarbeitung Ihrer Daten widersprechen.<\/span><\/span> <span class=\"jCAhz ChMk0b\"><span class=\"ryNqvb\">Wir kommen diesem Widerspruch nach, es sei denn, es liegen berechtigte Gr\u00fcnde f\u00fcr die Verarbeitung vor<\/span><\/span><\/span>.<\/li>\n<\/ul>\n<p><span class=\"HwtZe\" lang=\"de\"><span class=\"jCAhz ChMk0b\"><span class=\"ryNqvb\">Um diese Rechte auszu\u00fcben, kontaktieren Sie uns bitte.<\/span><\/span> <span class=\"jCAhz ChMk0b\"><span class=\"ryNqvb\">Bitte beachten Sie die Kontaktdaten am Ende dieser Cookie-Richtlinie.<\/span><\/span> <span class=\"jCAhz ChMk0b\"><span class=\"ryNqvb\">Wenn Sie eine Beschwerde dar\u00fcber haben, wie wir Ihre Daten behandeln, w\u00fcrden wir diese gerne h\u00f6ren, aber Sie haben auch das Recht, eine Beschwerde bei der Aufsichtsbeh\u00f6rde (der Datenschutzbeh\u00f6rde) einzureichen<\/span><\/span><\/span>.<\/p>\n<h4>9. <span class=\"HwtZe\" lang=\"de\"><span class=\"jCAhz ChMk0b\"><span class=\"ryNqvb\">Aktivieren\/Deaktivieren und L\u00f6schen von Cookies<\/span><\/span><\/span><\/h4>\n<p><span class=\"HwtZe\" lang=\"de\"><span class=\"jCAhz ChMk0b\"><span class=\"ryNqvb\">Sie k\u00f6nnen Ihren Internetbrowser verwenden um Cookies automatisch oder manuell zu l\u00f6schen.<\/span><\/span> <span class=\"jCAhz ChMk0b\"><span class=\"ryNqvb\">Sie k\u00f6nnen au\u00dferdem spezifizieren ob spezielle Cookies nicht platziert werden sollen.<\/span><\/span> <span class=\"jCAhz ChMk0b\"><span class=\"ryNqvb\">Eine andere M\u00f6glichkeit ist es Ihren Internetbrowser derart einzurichten, dass Sie jedes Mal benachrichtigt werden, wenn ein Cookie platziert wird.<\/span><\/span> <span class=\"jCAhz ChMk0b\"><span class=\"ryNqvb\">F\u00fcr weitere Information zu diesen M\u00f6glichkeiten beachten Sie die Anweisungen in der Hilfesektion Ihres Browsers<\/span><\/span><\/span>.<\/p>\n<p><span class=\"HwtZe\" lang=\"de\"><span class=\"jCAhz ChMk0b\"><span class=\"ryNqvb\">Bitte nimm zur Kentniss, dass unsere Website m\u00f6glicherweise nicht richtig funktioniert wenn alle Cookies deaktiviert sind.<\/span><\/span> <span class=\"jCAhz ChMk0b\"><span class=\"ryNqvb\">Wenn du die Cookies in deinem Browser l\u00f6scht, werden diese neuplatziert wenn du unsere Website erneut besuchst<\/span><\/span><\/span>.<\/p>\n<h4>10. <span class=\"HwtZe\" lang=\"de\"><span class=\"jCAhz ChMk0b\"><span class=\"ryNqvb\">Kontaktdetails<\/span><\/span><\/span><\/h4>\n<p><span class=\"HwtZe\" lang=\"de\"><span class=\"jCAhz ChMk0b\"><span class=\"ryNqvb\">Bei Fragen und\/oder Kommentaren zu unserer Cookie-Richtlinie und dieser Erkl\u00e4rung kontaktieren Sie uns bitte \u00fcber die folgenden Kontaktdaten<\/span><\/span><\/span>:<\/p>\n<p>Baby Detect<br \/>\nCHU \u2013 Centre Hospitalier Universitaire de Li\u00e8ge 1 Avenue de l\u2019H\u00f4pital, 4000 LIEGE<br \/>\nBelgium<br \/>\n<span class=\"HwtZe\" lang=\"de\"><span class=\"jCAhz ChMk0b\"><span class=\"ryNqvb\">Webseite<\/span><\/span><\/span>: <a href=\"https:\/\/www.babydetect.be\">https:\/\/www.babydetect.be<\/a><br \/>\n<span class=\"HwtZe\" lang=\"de\"><span class=\"jCAhz ChMk0b\"><span class=\"ryNqvb\">E-Mail<\/span><\/span><\/span>: <span class=\"cmplz-obfuscate\">contact@babydetect.be<\/span><\/p>\n<p><span class=\"HwtZe\" lang=\"de\"><span class=\"jCAhz ChMk0b\"><span class=\"ryNqvb\">Diese Cookie-Richtlinie wurde am 1. September 2022 mit <\/span><\/span><\/span><a href=\"https:\/\/cookiedatabase.org\/\" target=\"_blank\" rel=\"noopener\">cookiedatabase.org<\/a> <span class=\"HwtZe\" lang=\"de\"><span class=\"jCAhz ChMk0b\"><span class=\"ryNqvb\">synchronisiert.<\/span><\/span><\/span><\/p>\n<\/div>\n","protected":false},"excerpt":{"rendered":"<p>Diese Cookie-Richtlinie wurde zuletzt am 1. September 2022 aktualisiert und gilt f\u00fcr B\u00fcrger und Personen mit st\u00e4ndigem Wohnsitz im Europ\u00e4ischen Wirtschaftsraum und in der Schweiz. 1. Einf\u00fchrung Unsere Website, https:\/\/www.babydetect.be (im folgenden: \u201eDie Website\u201c) verwendet Cookies und \u00e4hnliche Technologien (der Einfachheit halber werden all diese unter \u201eCookies\u201c zusammengefasst). Cookies werden au\u00dferdem von uns beauftragten Drittparteien&#8230;<\/p>\n","protected":false},"author":1,"featured_media":0,"parent":0,"menu_order":0,"comment_status":"closed","ping_status":"closed","template":"","meta":{"footnotes":""},"_links":{"self":[{"href":"https:\/\/www.babydetect.be\/de\/wp-json\/wp\/v2\/pages\/25551"}],"collection":[{"href":"https:\/\/www.babydetect.be\/de\/wp-json\/wp\/v2\/pages"}],"about":[{"href":"https:\/\/www.babydetect.be\/de\/wp-json\/wp\/v2\/types\/page"}],"author":[{"embeddable":true,"href":"https:\/\/www.babydetect.be\/de\/wp-json\/wp\/v2\/users\/1"}],"replies":[{"embeddable":true,"href":"https:\/\/www.babydetect.be\/de\/wp-json\/wp\/v2\/comments?post=25551"}],"version-history":[{"count":18,"href":"https:\/\/www.babydetect.be\/de\/wp-json\/wp\/v2\/pages\/25551\/revisions"}],"predecessor-version":[{"id":25962,"href":"https:\/\/www.babydetect.be\/de\/wp-json\/wp\/v2\/pages\/25551\/revisions\/25962"}],"wp:attachment":[{"href":"https:\/\/www.babydetect.be\/de\/wp-json\/wp\/v2\/media?parent=25551"}],"curies":[{"name":"wp","href":"https:\/\/api.w.org\/{rel}","templated":true}]}}